{"id":8210,"date":"2023-03-19T08:20:38","date_gmt":"2023-03-19T08:20:38","guid":{"rendered":"https:\/\/shapeupistanbul.com\/tr\/?page_id=8210"},"modified":"2024-06-25T10:15:22","modified_gmt":"2024-06-25T10:15:22","slug":"events","status":"publish","type":"page","link":"https:\/\/shapeupistanbul.com\/tr\/fiyatlar\/events\/","title":{"rendered":"Events"},"content":{"rendered":"\t\t<div data-elementor-type=\"wp-page\" data-elementor-id=\"8210\" class=\"elementor elementor-8210\" data-elementor-post-type=\"page\">\n\t\t\t\t\t\t<section class=\"elementor-section elementor-top-section elementor-element elementor-element-21eea4b3 elementor-section-full_width elementor-section-stretched elementor-section-height-default elementor-section-height-default\" data-id=\"21eea4b3\" data-element_type=\"section\" data-settings=\"{&quot;jet_parallax_layout_list&quot;:[],&quot;background_background&quot;:&quot;classic&quot;,&quot;stretch_section&quot;:&quot;section-stretched&quot;}\">\n\t\t\t\t\t\t<div class=\"elementor-container elementor-column-gap-no\">\n\t\t\t\t\t<div class=\"elementor-column elementor-col-100 elementor-top-column elementor-element elementor-element-102f3098\" data-id=\"102f3098\" data-element_type=\"column\" data-settings=\"{&quot;background_background&quot;:&quot;slideshow&quot;,&quot;background_slideshow_gallery&quot;:[],&quot;background_slideshow_loop&quot;:&quot;yes&quot;,&quot;background_slideshow_slide_duration&quot;:5000,&quot;background_slideshow_slide_transition&quot;:&quot;fade&quot;,&quot;background_slideshow_transition_duration&quot;:500}\">\n\t\t\t<div class=\"elementor-widget-wrap elementor-element-populated\">\n\t\t\t\t\t\t<div class=\"elementor-element elementor-element-a9f3242 elementor-widget elementor-widget-jet-slider\" data-id=\"a9f3242\" data-element_type=\"widget\" data-settings=\"{&quot;slider_height&quot;:{&quot;unit&quot;:&quot;px&quot;,&quot;size&quot;:700,&quot;sizes&quot;:[]},&quot;slider_height_tablet&quot;:{&quot;unit&quot;:&quot;px&quot;,&quot;size&quot;:&quot;&quot;,&quot;sizes&quot;:[]},&quot;slider_height_mobile&quot;:{&quot;unit&quot;:&quot;px&quot;,&quot;size&quot;:&quot;&quot;,&quot;sizes&quot;:[]}}\" data-widget_type=\"jet-slider.default\">\n\t\t\t\t<div class=\"elementor-widget-container\">\n\t\t\t<div class=\"elementor-jet-slider jet-elements\">\n<div class=\"jet-slider jet-slider__image-contain\" data-settings='{\"sliderWidth\":{\"unit\":\"%\",\"size\":100,\"sizes\":[]},\"sliderHeight\":{\"unit\":\"px\",\"size\":700,\"sizes\":[]},\"sliderNavigation\":false,\"sliderNavigationIcon\":\"jet-slider__arrow-icon-a9f3242\",\"sliderNaviOnHover\":false,\"sliderPagination\":false,\"sliderAutoplay\":true,\"sliderAutoplayDelay\":5000,\"sliderAutoplayOnHover\":\"pause\",\"sliderFullScreen\":false,\"sliderFullscreenIcon\":\"jet-slider__fullscreen-icon-a9f3242\",\"sliderShuffle\":false,\"sliderLoop\":true,\"sliderFadeMode\":false,\"slideDistance\":{\"unit\":\"px\",\"size\":10,\"sizes\":[]},\"slideDuration\":900,\"imageScaleMode\":\"contain\",\"thumbnails\":false,\"thumbnailWidth\":120,\"thumbnailHeight\":80,\"rightToLeft\":false,\"touchswipe\":false,\"fractionPag\":false}'>\n\t\n<div  class=\"slider-pro\"><div class=\"jet-slider__arrow-icon-a9f3242 hidden-html\"><\/div><div class=\"jet-slider__fullscreen-icon-a9f3242 hidden-html\"><\/div><div class=\"jet-slider__items sp-slides\">\n\n\n<div  class=\"jet-slider__item sp-slide elementor-repeater-item-a016757\"><div class=\"jet-slider__content sp-layer \" data-position=\"centerCenter\" data-width=\"100%\" data-height=\"100%\" data-horizontal=\"0%\" data-show-transition=\"down\" data-show-duration=\"400\" data-show-delay=\"400\" >\n\t\t<div class=\"jet-slider__content-item\">\n\t\t\t<div class=\"jet-slider__content-inner\">\t\t<div data-elementor-type=\"section\" data-elementor-id=\"8218\" class=\"elementor elementor-8218\" data-elementor-post-type=\"elementor_library\">\n\t\t\t\t\t<section class=\"elementor-section elementor-top-section elementor-element elementor-element-f9c18be elementor-section-full_width elementor-section-height-min-height elementor-section-height-default elementor-section-items-middle\" data-id=\"f9c18be\" data-element_type=\"section\" data-settings=\"{&quot;jet_parallax_layout_list&quot;:[],&quot;background_background&quot;:&quot;classic&quot;}\">\n\t\t\t\t\t\t\t<div class=\"elementor-background-overlay\"><\/div>\n\t\t\t\t\t\t\t<div class=\"elementor-container elementor-column-gap-no\">\n\t\t\t\t\t<div class=\"elementor-column elementor-col-100 elementor-top-column elementor-element elementor-element-ed0817e\" data-id=\"ed0817e\" data-element_type=\"column\">\n\t\t\t<div class=\"elementor-widget-wrap elementor-element-populated\">\n\t\t\t\t\t\t<div class=\"elementor-element elementor-element-a78c782 elementor-widget elementor-widget-heading\" data-id=\"a78c782\" data-element_type=\"widget\" data-widget_type=\"heading.default\">\n\t\t\t\t<div class=\"elementor-widget-container\">\n\t\t\t<style>\/*! elementor - v3.22.0 - 24-06-2024 *\/\n.elementor-heading-title{padding:0;margin:0;line-height:1}.elementor-widget-heading .elementor-heading-title[class*=elementor-size-]>a{color:inherit;font-size:inherit;line-height:inherit}.elementor-widget-heading .elementor-heading-title.elementor-size-small{font-size:15px}.elementor-widget-heading .elementor-heading-title.elementor-size-medium{font-size:19px}.elementor-widget-heading .elementor-heading-title.elementor-size-large{font-size:29px}.elementor-widget-heading .elementor-heading-title.elementor-size-xl{font-size:39px}.elementor-widget-heading .elementor-heading-title.elementor-size-xxl{font-size:59px}<\/style><h2 class=\"elementor-heading-title elementor-size-default\">Event<\/h2>\t\t<\/div>\n\t\t\t\t<\/div>\n\t\t\t\t<div class=\"elementor-element elementor-element-e147a62 elementor-widget elementor-widget-text-editor\" data-id=\"e147a62\" data-element_type=\"widget\" data-widget_type=\"text-editor.default\">\n\t\t\t\t<div class=\"elementor-widget-container\">\n\t\t\t<style>\/*! elementor - v3.22.0 - 24-06-2024 *\/\n.elementor-widget-text-editor.elementor-drop-cap-view-stacked .elementor-drop-cap{background-color:#69727d;color:#fff}.elementor-widget-text-editor.elementor-drop-cap-view-framed .elementor-drop-cap{color:#69727d;border:3px solid;background-color:transparent}.elementor-widget-text-editor:not(.elementor-drop-cap-view-default) .elementor-drop-cap{margin-top:8px}.elementor-widget-text-editor:not(.elementor-drop-cap-view-default) .elementor-drop-cap-letter{width:1em;height:1em}.elementor-widget-text-editor .elementor-drop-cap{float:left;text-align:center;line-height:1;font-size:50px}.elementor-widget-text-editor .elementor-drop-cap-letter{display:inline-block}<\/style>\t\t\t\t<p>HAYATINIZA SA\u011eLIK VE NE\u015eE GET\u0130REN YOLCULUK<\/p>\t\t\t\t\t\t<\/div>\n\t\t\t\t<\/div>\n\t\t\t\t\t<\/div>\n\t\t<\/div>\n\t\t\t\t\t<\/div>\n\t\t<\/section>\n\t\t\t\t<\/div>\n\t\t<\/div>\n\t\t<\/div>\n\t\t\t<\/div>\n<\/div>\n\n<\/div>\n<\/div>\n<\/div>\n<\/div>\t\t<\/div>\n\t\t\t\t<\/div>\n\t\t\t\t\t<\/div>\n\t\t<\/div>\n\t\t\t\t\t<\/div>\n\t\t<\/section>\n\t\t\t\t<section class=\"elementor-section elementor-top-section elementor-element elementor-element-436ee465 elementor-section-boxed elementor-section-height-default elementor-section-height-default\" data-id=\"436ee465\" data-element_type=\"section\" data-settings=\"{&quot;jet_parallax_layout_list&quot;:[],&quot;background_background&quot;:&quot;classic&quot;}\">\n\t\t\t\t\t\t<div class=\"elementor-container elementor-column-gap-no\">\n\t\t\t\t\t<div class=\"elementor-column elementor-col-33 elementor-top-column elementor-element elementor-element-bf8e8f6\" data-id=\"bf8e8f6\" data-element_type=\"column\">\n\t\t\t<div class=\"elementor-widget-wrap elementor-element-populated\">\n\t\t\t\t\t\t<div class=\"elementor-section elementor-inner-section elementor-element elementor-element-7b4bea76 elementor-section-boxed elementor-section-height-default elementor-section-height-default\" data-id=\"7b4bea76\" data-element_type=\"section\" data-settings=\"{&quot;jet_parallax_layout_list&quot;:[]}\">\n\t\t\t\t\t\t<div class=\"elementor-container elementor-column-gap-no\">\n\t\t\t\t\t<div class=\"elementor-column elementor-col-100 elementor-inner-column elementor-element elementor-element-27eb34b6\" data-id=\"27eb34b6\" data-element_type=\"column\">\n\t\t\t<div class=\"elementor-widget-wrap elementor-element-populated\">\n\t\t\t\t\t\t<div class=\"elementor-element elementor-element-1333f89 elementor-widget elementor-widget-heading\" data-id=\"1333f89\" data-element_type=\"widget\" data-widget_type=\"heading.default\">\n\t\t\t\t<div class=\"elementor-widget-container\">\n\t\t\t<h2 class=\"elementor-heading-title elementor-size-default\">Fiyatlar<\/h2>\t\t<\/div>\n\t\t\t\t<\/div>\n\t\t\t\t<div class=\"elementor-element elementor-element-3d308405 elementor-widget elementor-widget-text-editor\" data-id=\"3d308405\" data-element_type=\"widget\" data-widget_type=\"text-editor.default\">\n\t\t\t\t<div class=\"elementor-widget-container\">\n\t\t\t\t\t\t\tEventlere kat\u0131l\u0131m sa\u011flamak ve ShapeUp deneyimini birbirinden farkl\u0131 atmosferlerde deneyimlemek i\u00e7in event takvimimizi takip edin. G\u00fcncel bilet fiyatlar\u0131 davet i\u00e7eriklerine g\u00f6re sizlerle payla\u015f\u0131l\u0131yor olacak. ShapeUp ile bir event dizayn etmek ve organizasyon ger\u00e7ele\u015ftirmek i\u00e7in <a style=\"color: white !important;\" href=\"mailto:info@shapeupistanbul.com\">info@shapeupistanbul.com <\/a> adresinden bizimle ileti\u015fime ge\u00e7ebilirsiniz.\t\t\t\t\t\t<\/div>\n\t\t\t\t<\/div>\n\t\t\t\t\t<\/div>\n\t\t<\/div>\n\t\t\t\t\t<\/div>\n\t\t<\/div>\n\t\t\t\t\t<\/div>\n\t\t<\/div>\n\t\t\t\t<div class=\"elementor-column elementor-col-66 elementor-top-column elementor-element elementor-element-39942623\" data-id=\"39942623\" data-element_type=\"column\">\n\t\t\t<div class=\"elementor-widget-wrap elementor-element-populated\">\n\t\t\t\t\t\t<section class=\"elementor-section elementor-inner-section elementor-element elementor-element-79875cf elementor-section-boxed elementor-section-height-default elementor-section-height-default\" data-id=\"79875cf\" data-element_type=\"section\" data-settings=\"{&quot;jet_parallax_layout_list&quot;:[]}\">\n\t\t\t\t\t\t<div class=\"elementor-container elementor-column-gap-no\">\n\t\t\t\t\t<div class=\"elementor-column elementor-col-33 elementor-inner-column elementor-element elementor-element-32d7434e elementor-hidden-desktop elementor-hidden-tablet elementor-hidden-mobile\" data-id=\"32d7434e\" data-element_type=\"column\" data-settings=\"{&quot;background_background&quot;:&quot;classic&quot;}\">\n\t\t\t<div class=\"elementor-widget-wrap elementor-element-populated\">\n\t\t\t\t\t\t<div class=\"elementor-element elementor-element-3f9d5c10 elementor-widget elementor-widget-heading\" data-id=\"3f9d5c10\" data-element_type=\"widget\" data-widget_type=\"heading.default\">\n\t\t\t\t<div class=\"elementor-widget-container\">\n\t\t\t<h2 class=\"elementor-heading-title elementor-size-default\"><span class=\"elementor-heading-title elementor-size-default elementor-inline-editing pen\" data-elementor-setting-key=\"title\" data-pen-placeholder=\"Type Here...\">ShapeUp Getaway<\/span><\/h2>\t\t<\/div>\n\t\t\t\t<\/div>\n\t\t\t\t<div class=\"elementor-element elementor-element-555975b elementor-widget elementor-widget-heading\" data-id=\"555975b\" data-element_type=\"widget\" data-widget_type=\"heading.default\">\n\t\t\t\t<div class=\"elementor-widget-container\">\n\t\t\t<h2 class=\"elementor-heading-title elementor-size-default\">at Casa Lavanda<\/h2>\t\t<\/div>\n\t\t\t\t<\/div>\n\t\t\t\t<div class=\"elementor-element elementor-element-726bcaa7 elementor-widget elementor-widget-text-editor\" data-id=\"726bcaa7\" data-element_type=\"widget\" data-widget_type=\"text-editor.default\">\n\t\t\t\t<div class=\"elementor-widget-container\">\n\t\t\t\t\t\t\t<p>15.04 | 10:00 &#8211; 19:00<\/p>\t\t\t\t\t\t<\/div>\n\t\t\t\t<\/div>\n\t\t\t\t<div class=\"elementor-element elementor-element-f0572d4 elementor-align-justify coinPriceBtn elementor-widget elementor-widget-button\" data-id=\"f0572d4\" data-element_type=\"widget\" data-widget_type=\"button.default\">\n\t\t\t\t<div class=\"elementor-widget-container\">\n\t\t\t\t\t<div class=\"elementor-button-wrapper\">\n\t\t\t<a class=\"elementor-button elementor-button-link elementor-size-sm\" href=\"https:\/\/shapeup.gympro.online\/direkt-satis\/1?type=p&#038;id=2745\">\n\t\t\t\t\t\t<span class=\"elementor-button-content-wrapper\">\n\t\t\t\t\t\t\t\t\t<span class=\"elementor-button-text\">2600 TL + KDV<\/span>\n\t\t\t\t\t<\/span>\n\t\t\t\t\t<\/a>\n\t\t<\/div>\n\t\t\t\t<\/div>\n\t\t\t\t<\/div>\n\t\t\t\t<div class=\"elementor-element elementor-element-8a604d1 elementor-widget elementor-widget-text-editor\" data-id=\"8a604d1\" data-element_type=\"widget\" data-widget_type=\"text-editor.default\">\n\t\t\t\t<div class=\"elementor-widget-container\">\n\t\t\t\t\t\t\t<p>&#8211;<\/p>\t\t\t\t\t\t<\/div>\n\t\t\t\t<\/div>\n\t\t\t\t\t<\/div>\n\t\t<\/div>\n\t\t\t\t<div class=\"elementor-column elementor-col-33 elementor-inner-column elementor-element elementor-element-70107086 elementor-hidden-desktop elementor-hidden-tablet elementor-hidden-mobile\" data-id=\"70107086\" data-element_type=\"column\" data-settings=\"{&quot;background_background&quot;:&quot;classic&quot;}\">\n\t\t\t<div class=\"elementor-widget-wrap elementor-element-populated\">\n\t\t\t\t\t\t<div class=\"elementor-element elementor-element-6be81293 elementor-widget elementor-widget-heading\" data-id=\"6be81293\" data-element_type=\"widget\" data-widget_type=\"heading.default\">\n\t\t\t\t<div class=\"elementor-widget-container\">\n\t\t\t<h2 class=\"elementor-heading-title elementor-size-default\">Backbends<\/h2>\t\t<\/div>\n\t\t\t\t<\/div>\n\t\t\t\t<div class=\"elementor-element elementor-element-4777968c elementor-widget elementor-widget-heading\" data-id=\"4777968c\" data-element_type=\"widget\" data-widget_type=\"heading.default\">\n\t\t\t\t<div class=\"elementor-widget-container\">\n\t\t\t<h2 class=\"elementor-heading-title elementor-size-default\">with Arzen \u00c7elik<\/h2>\t\t<\/div>\n\t\t\t\t<\/div>\n\t\t\t\t<div class=\"elementor-element elementor-element-7a4dacd8 elementor-widget elementor-widget-text-editor\" data-id=\"7a4dacd8\" data-element_type=\"widget\" data-widget_type=\"text-editor.default\">\n\t\t\t\t<div class=\"elementor-widget-container\">\n\t\t\t\t\t\t\t<p>01.04 | 14:30 &#8211; 16:30<\/p>\t\t\t\t\t\t<\/div>\n\t\t\t\t<\/div>\n\t\t\t\t<div class=\"elementor-element elementor-element-5aafc61 elementor-align-justify coinPriceBtn elementor-widget elementor-widget-button\" data-id=\"5aafc61\" data-element_type=\"widget\" data-widget_type=\"button.default\">\n\t\t\t\t<div class=\"elementor-widget-container\">\n\t\t\t\t\t<div class=\"elementor-button-wrapper\">\n\t\t\t<a class=\"elementor-button elementor-button-link elementor-size-sm\" href=\"https:\/\/shapeup.gympro.online\/direkt-satis\/1?type=p&#038;id=2740\">\n\t\t\t\t\t\t<span class=\"elementor-button-content-wrapper\">\n\t\t\t\t\t\t\t\t\t<span class=\"elementor-button-text\">500 TL + KDV<\/span>\n\t\t\t\t\t<\/span>\n\t\t\t\t\t<\/a>\n\t\t<\/div>\n\t\t\t\t<\/div>\n\t\t\t\t<\/div>\n\t\t\t\t\t<\/div>\n\t\t<\/div>\n\t\t\t\t<div class=\"elementor-column elementor-col-33 elementor-inner-column elementor-element elementor-element-23523b2e elementor-hidden-desktop elementor-hidden-tablet elementor-hidden-mobile\" data-id=\"23523b2e\" data-element_type=\"column\" data-settings=\"{&quot;background_background&quot;:&quot;classic&quot;}\">\n\t\t\t<div class=\"elementor-widget-wrap elementor-element-populated\">\n\t\t\t\t\t\t<div class=\"elementor-element elementor-element-44089731 elementor-widget elementor-widget-heading\" data-id=\"44089731\" data-element_type=\"widget\" data-widget_type=\"heading.default\">\n\t\t\t\t<div class=\"elementor-widget-container\">\n\t\t\t<h2 class=\"elementor-heading-title elementor-size-default\">Mega<\/h2>\t\t<\/div>\n\t\t\t\t<\/div>\n\t\t\t\t<div class=\"elementor-element elementor-element-19047b42 elementor-widget elementor-widget-heading\" data-id=\"19047b42\" data-element_type=\"widget\" data-widget_type=\"heading.default\">\n\t\t\t\t<div class=\"elementor-widget-container\">\n\t\t\t<h2 class=\"elementor-heading-title elementor-size-default\">3 Classes<\/h2>\t\t<\/div>\n\t\t\t\t<\/div>\n\t\t\t\t<div class=\"elementor-element elementor-element-17e4e432 elementor-widget elementor-widget-text-editor\" data-id=\"17e4e432\" data-element_type=\"widget\" data-widget_type=\"text-editor.default\">\n\t\t\t\t<div class=\"elementor-widget-container\">\n\t\t\t\t\t\t\t<p>Val\u0131d for 3 weeks<\/p>\t\t\t\t\t\t<\/div>\n\t\t\t\t<\/div>\n\t\t\t\t<div class=\"elementor-element elementor-element-d914c13 elementor-align-justify coinPriceBtn elementor-widget elementor-widget-button\" data-id=\"d914c13\" data-element_type=\"widget\" data-widget_type=\"button.default\">\n\t\t\t\t<div class=\"elementor-widget-container\">\n\t\t\t\t\t<div class=\"elementor-button-wrapper\">\n\t\t\t<a class=\"elementor-button elementor-button-link elementor-size-sm\" href=\"https:\/\/shapeup.gympro.online\/direkt-satis\/1?type=p&#038;id=54\">\n\t\t\t\t\t\t<span class=\"elementor-button-content-wrapper\">\n\t\t\t\t\t\t\t\t\t<span class=\"elementor-button-text\">480 TL + KDV<\/span>\n\t\t\t\t\t<\/span>\n\t\t\t\t\t<\/a>\n\t\t<\/div>\n\t\t\t\t<\/div>\n\t\t\t\t<\/div>\n\t\t\t\t<div class=\"elementor-element elementor-element-6e6e734d textSuc elementor-widget elementor-widget-text-editor\" data-id=\"6e6e734d\" data-element_type=\"widget\" data-widget_type=\"text-editor.default\">\n\t\t\t\t<div class=\"elementor-widget-container\">\n\t\t\t\t\t\t\t<p>&#8211;<\/p>\t\t\t\t\t\t<\/div>\n\t\t\t\t<\/div>\n\t\t\t\t\t<\/div>\n\t\t<\/div>\n\t\t\t\t\t<\/div>\n\t\t<\/section>\n\t\t\t\t\t<\/div>\n\t\t<\/div>\n\t\t\t\t\t<\/div>\n\t\t<\/section>\n\t\t\t\t<\/div>\n\t\t","protected":false},"excerpt":{"rendered":"<p>Event HAYATINIZA SA\u011eLIK VE NE\u015eE GET\u0130REN YOLCULUK Fiyatlar Eventlere kat\u0131l\u0131m sa\u011flamak ve ShapeUp deneyimini birbirinden farkl\u0131 atmosferlerde deneyimlemek i\u00e7in event takvimimizi takip edin. G\u00fcncel bilet fiyatlar\u0131 davet i\u00e7eriklerine g\u00f6re sizlerle payla\u015f\u0131l\u0131yor olacak. ShapeUp ile bir event dizayn etmek ve organizasyon ger\u00e7ele\u015ftirmek i\u00e7in info@shapeupistanbul.com adresinden bizimle ileti\u015fime ge\u00e7ebilirsiniz. ShapeUp Getaway at Casa Lavanda 15.04 | 10:00 [&hellip;]<\/p>\n","protected":false},"author":3,"featured_media":0,"parent":67,"menu_order":0,"comment_status":"closed","ping_status":"closed","template":"","meta":{"footnotes":""},"class_list":["post-8210","page","type-page","status-publish","hentry"],"yoast_head":"<!-- This site is optimized with the Yoast SEO plugin v25.8 - https:\/\/yoast.com\/wordpress\/plugins\/seo\/ -->\n<title>Events - ShapeUp TR<\/title>\n<meta name=\"robots\" content=\"index, follow, max-snippet:-1, max-image-preview:large, max-video-preview:-1\" \/>\n<link rel=\"canonical\" href=\"https:\/\/shapeupistanbul.com\/tr\/fiyatlar\/events\/\" \/>\n<meta property=\"og:locale\" content=\"en_US\" \/>\n<meta property=\"og:type\" content=\"article\" \/>\n<meta property=\"og:title\" content=\"Events - ShapeUp TR\" \/>\n<meta property=\"og:description\" content=\"Event HAYATINIZA SA\u011eLIK VE NE\u015eE GET\u0130REN YOLCULUK Fiyatlar Eventlere kat\u0131l\u0131m sa\u011flamak ve ShapeUp deneyimini birbirinden farkl\u0131 atmosferlerde deneyimlemek i\u00e7in event takvimimizi takip edin. G\u00fcncel bilet fiyatlar\u0131 davet i\u00e7eriklerine g\u00f6re sizlerle payla\u015f\u0131l\u0131yor olacak. ShapeUp ile bir event dizayn etmek ve organizasyon ger\u00e7ele\u015ftirmek i\u00e7in info@shapeupistanbul.com adresinden bizimle ileti\u015fime ge\u00e7ebilirsiniz. ShapeUp Getaway at Casa Lavanda 15.04 | 10:00 [&hellip;]\" \/>\n<meta property=\"og:url\" content=\"https:\/\/shapeupistanbul.com\/tr\/fiyatlar\/events\/\" \/>\n<meta property=\"og:site_name\" content=\"ShapeUp TR\" \/>\n<meta property=\"article:modified_time\" content=\"2024-06-25T10:15:22+00:00\" \/>\n<meta name=\"twitter:card\" content=\"summary_large_image\" \/>\n<meta name=\"twitter:label1\" content=\"Est. reading time\" \/>\n\t<meta name=\"twitter:data1\" content=\"1 minute\" \/>\n<script type=\"application\/ld+json\" class=\"yoast-schema-graph\">{\"@context\":\"https:\/\/schema.org\",\"@graph\":[{\"@type\":\"WebPage\",\"@id\":\"https:\/\/shapeupistanbul.com\/tr\/fiyatlar\/events\/\",\"url\":\"https:\/\/shapeupistanbul.com\/tr\/fiyatlar\/events\/\",\"name\":\"Events - ShapeUp TR\",\"isPartOf\":{\"@id\":\"https:\/\/shapeupistanbul.com\/tr\/#website\"},\"datePublished\":\"2023-03-19T08:20:38+00:00\",\"dateModified\":\"2024-06-25T10:15:22+00:00\",\"breadcrumb\":{\"@id\":\"https:\/\/shapeupistanbul.com\/tr\/fiyatlar\/events\/#breadcrumb\"},\"inLanguage\":\"en-US\",\"potentialAction\":[{\"@type\":\"ReadAction\",\"target\":[\"https:\/\/shapeupistanbul.com\/tr\/fiyatlar\/events\/\"]}]},{\"@type\":\"BreadcrumbList\",\"@id\":\"https:\/\/shapeupistanbul.com\/tr\/fiyatlar\/events\/#breadcrumb\",\"itemListElement\":[{\"@type\":\"ListItem\",\"position\":1,\"name\":\"Home\",\"item\":\"https:\/\/shapeupistanbul.com\/tr\/\"},{\"@type\":\"ListItem\",\"position\":2,\"name\":\"Fiyatlar\",\"item\":\"https:\/\/shapeupistanbul.com\/tr\/fiyatlar\/\"},{\"@type\":\"ListItem\",\"position\":3,\"name\":\"Events\"}]},{\"@type\":\"WebSite\",\"@id\":\"https:\/\/shapeupistanbul.com\/tr\/#website\",\"url\":\"https:\/\/shapeupistanbul.com\/tr\/\",\"name\":\"ShapeUp TR\",\"description\":\"Shape Your Life Up\",\"potentialAction\":[{\"@type\":\"SearchAction\",\"target\":{\"@type\":\"EntryPoint\",\"urlTemplate\":\"https:\/\/shapeupistanbul.com\/tr\/?s={search_term_string}\"},\"query-input\":{\"@type\":\"PropertyValueSpecification\",\"valueRequired\":true,\"valueName\":\"search_term_string\"}}],\"inLanguage\":\"en-US\"}]}<\/script>\n<!-- \/ Yoast SEO plugin. -->","yoast_head_json":{"title":"Events - ShapeUp TR","robots":{"index":"index","follow":"follow","max-snippet":"max-snippet:-1","max-image-preview":"max-image-preview:large","max-video-preview":"max-video-preview:-1"},"canonical":"https:\/\/shapeupistanbul.com\/tr\/fiyatlar\/events\/","og_locale":"en_US","og_type":"article","og_title":"Events - ShapeUp TR","og_description":"Event HAYATINIZA SA\u011eLIK VE NE\u015eE GET\u0130REN YOLCULUK Fiyatlar Eventlere kat\u0131l\u0131m sa\u011flamak ve ShapeUp deneyimini birbirinden farkl\u0131 atmosferlerde deneyimlemek i\u00e7in event takvimimizi takip edin. G\u00fcncel bilet fiyatlar\u0131 davet i\u00e7eriklerine g\u00f6re sizlerle payla\u015f\u0131l\u0131yor olacak. ShapeUp ile bir event dizayn etmek ve organizasyon ger\u00e7ele\u015ftirmek i\u00e7in info@shapeupistanbul.com adresinden bizimle ileti\u015fime ge\u00e7ebilirsiniz. ShapeUp Getaway at Casa Lavanda 15.04 | 10:00 [&hellip;]","og_url":"https:\/\/shapeupistanbul.com\/tr\/fiyatlar\/events\/","og_site_name":"ShapeUp TR","article_modified_time":"2024-06-25T10:15:22+00:00","twitter_card":"summary_large_image","twitter_misc":{"Est. reading time":"1 minute"},"schema":{"@context":"https:\/\/schema.org","@graph":[{"@type":"WebPage","@id":"https:\/\/shapeupistanbul.com\/tr\/fiyatlar\/events\/","url":"https:\/\/shapeupistanbul.com\/tr\/fiyatlar\/events\/","name":"Events - ShapeUp TR","isPartOf":{"@id":"https:\/\/shapeupistanbul.com\/tr\/#website"},"datePublished":"2023-03-19T08:20:38+00:00","dateModified":"2024-06-25T10:15:22+00:00","breadcrumb":{"@id":"https:\/\/shapeupistanbul.com\/tr\/fiyatlar\/events\/#breadcrumb"},"inLanguage":"en-US","potentialAction":[{"@type":"ReadAction","target":["https:\/\/shapeupistanbul.com\/tr\/fiyatlar\/events\/"]}]},{"@type":"BreadcrumbList","@id":"https:\/\/shapeupistanbul.com\/tr\/fiyatlar\/events\/#breadcrumb","itemListElement":[{"@type":"ListItem","position":1,"name":"Home","item":"https:\/\/shapeupistanbul.com\/tr\/"},{"@type":"ListItem","position":2,"name":"Fiyatlar","item":"https:\/\/shapeupistanbul.com\/tr\/fiyatlar\/"},{"@type":"ListItem","position":3,"name":"Events"}]},{"@type":"WebSite","@id":"https:\/\/shapeupistanbul.com\/tr\/#website","url":"https:\/\/shapeupistanbul.com\/tr\/","name":"ShapeUp TR","description":"Shape Your Life Up","potentialAction":[{"@type":"SearchAction","target":{"@type":"EntryPoint","urlTemplate":"https:\/\/shapeupistanbul.com\/tr\/?s={search_term_string}"},"query-input":{"@type":"PropertyValueSpecification","valueRequired":true,"valueName":"search_term_string"}}],"inLanguage":"en-US"}]}},"_links":{"self":[{"href":"https:\/\/shapeupistanbul.com\/tr\/wp-json\/wp\/v2\/pages\/8210","targetHints":{"allow":["GET"]}}],"collection":[{"href":"https:\/\/shapeupistanbul.com\/tr\/wp-json\/wp\/v2\/pages"}],"about":[{"href":"https:\/\/shapeupistanbul.com\/tr\/wp-json\/wp\/v2\/types\/page"}],"author":[{"embeddable":true,"href":"https:\/\/shapeupistanbul.com\/tr\/wp-json\/wp\/v2\/users\/3"}],"replies":[{"embeddable":true,"href":"https:\/\/shapeupistanbul.com\/tr\/wp-json\/wp\/v2\/comments?post=8210"}],"version-history":[{"count":3,"href":"https:\/\/shapeupistanbul.com\/tr\/wp-json\/wp\/v2\/pages\/8210\/revisions"}],"predecessor-version":[{"id":9012,"href":"https:\/\/shapeupistanbul.com\/tr\/wp-json\/wp\/v2\/pages\/8210\/revisions\/9012"}],"up":[{"embeddable":true,"href":"https:\/\/shapeupistanbul.com\/tr\/wp-json\/wp\/v2\/pages\/67"}],"wp:attachment":[{"href":"https:\/\/shapeupistanbul.com\/tr\/wp-json\/wp\/v2\/media?parent=8210"}],"curies":[{"name":"wp","href":"https:\/\/api.w.org\/{rel}","templated":true}]}}