{"id":78,"date":"2022-10-13T09:52:09","date_gmt":"2022-10-13T09:52:09","guid":{"rendered":"https:\/\/shapeupistanbul.com\/tr\/?page_id=78"},"modified":"2024-07-11T12:51:19","modified_gmt":"2024-07-11T12:51:19","slug":"events","status":"publish","type":"page","link":"https:\/\/shapeupistanbul.com\/tr\/shapeup-servisler\/events\/","title":{"rendered":"Events"},"content":{"rendered":"\t\t<div data-elementor-type=\"wp-page\" data-elementor-id=\"78\" class=\"elementor elementor-78\" data-elementor-post-type=\"page\">\n\t\t\t\t\t\t<section class=\"elementor-section elementor-top-section elementor-element elementor-element-34892a84 elementor-section-height-min-height elementor-section-items-bottom elementor-section-content-top elementor-section-boxed elementor-section-height-default\" data-id=\"34892a84\" data-element_type=\"section\" data-settings=\"{&quot;jet_parallax_layout_list&quot;:[],&quot;background_background&quot;:&quot;classic&quot;}\">\n\t\t\t\t\t\t<div class=\"elementor-container elementor-column-gap-default\">\n\t\t\t\t\t<div class=\"elementor-column elementor-col-50 elementor-top-column elementor-element elementor-element-5eb5509d\" data-id=\"5eb5509d\" data-element_type=\"column\">\n\t\t\t<div class=\"elementor-widget-wrap elementor-element-populated\">\n\t\t\t\t\t\t<div class=\"elementor-element elementor-element-4e4da67f elementor-widget elementor-widget-heading\" data-id=\"4e4da67f\" data-element_type=\"widget\" data-widget_type=\"heading.default\">\n\t\t\t\t<div class=\"elementor-widget-container\">\n\t\t\t<style>\/*! elementor - v3.22.0 - 24-06-2024 *\/\n.elementor-heading-title{padding:0;margin:0;line-height:1}.elementor-widget-heading .elementor-heading-title[class*=elementor-size-]>a{color:inherit;font-size:inherit;line-height:inherit}.elementor-widget-heading .elementor-heading-title.elementor-size-small{font-size:15px}.elementor-widget-heading .elementor-heading-title.elementor-size-medium{font-size:19px}.elementor-widget-heading .elementor-heading-title.elementor-size-large{font-size:29px}.elementor-widget-heading .elementor-heading-title.elementor-size-xl{font-size:39px}.elementor-widget-heading .elementor-heading-title.elementor-size-xxl{font-size:59px}<\/style><h2 class=\"elementor-heading-title elementor-size-default\">Events<\/h2>\t\t<\/div>\n\t\t\t\t<\/div>\n\t\t\t\t<div class=\"elementor-element elementor-element-69cc44e0 elementor-widget elementor-widget-text-editor\" data-id=\"69cc44e0\" data-element_type=\"widget\" data-widget_type=\"text-editor.default\">\n\t\t\t\t<div class=\"elementor-widget-container\">\n\t\t\t<style>\/*! elementor - v3.22.0 - 24-06-2024 *\/\n.elementor-widget-text-editor.elementor-drop-cap-view-stacked .elementor-drop-cap{background-color:#69727d;color:#fff}.elementor-widget-text-editor.elementor-drop-cap-view-framed .elementor-drop-cap{color:#69727d;border:3px solid;background-color:transparent}.elementor-widget-text-editor:not(.elementor-drop-cap-view-default) .elementor-drop-cap{margin-top:8px}.elementor-widget-text-editor:not(.elementor-drop-cap-view-default) .elementor-drop-cap-letter{width:1em;height:1em}.elementor-widget-text-editor .elementor-drop-cap{float:left;text-align:center;line-height:1;font-size:50px}.elementor-widget-text-editor .elementor-drop-cap-letter{display:inline-block}<\/style>\t\t\t\t<p>E\u015fsiz ShapeUp deneyimini st\u00fcdyolar\u0131m\u0131z\u0131n d\u0131\u015f\u0131nda da sa\u011fl\u0131kl\u0131 ya\u015fama ilgisi olan herkesle bulu\u015fturmaya devam ediyoruz. Pop\u00fcler servisimiz Micro haricinde, alan\u0131n\u0131n en iyi e\u011fitmenleriyle davet kitlesine ve ama\u00e7lar\u0131na g\u00f6re dizayn etti\u011fimiz Yoga, Mobility, Functional Training ve Running derslerimizle spor organizasyonlar\u0131 yaratmak i\u00e7in bizimle ileti\u015fime ge\u00e7ebilirsiniz.<\/p>\t\t\t\t\t\t<\/div>\n\t\t\t\t<\/div>\n\t\t\t\t\t<\/div>\n\t\t<\/div>\n\t\t\t\t<div class=\"elementor-column elementor-col-50 elementor-top-column elementor-element elementor-element-62063564\" data-id=\"62063564\" data-element_type=\"column\">\n\t\t\t<div class=\"elementor-widget-wrap elementor-element-populated\">\n\t\t\t\t\t\t<div class=\"elementor-element elementor-element-267a331 servicesHero elementor-widget elementor-widget-image\" data-id=\"267a331\" data-element_type=\"widget\" data-widget_type=\"image.default\">\n\t\t\t\t<div class=\"elementor-widget-container\">\n\t\t\t<style>\/*! elementor - v3.22.0 - 24-06-2024 *\/\n.elementor-widget-image{text-align:center}.elementor-widget-image a{display:inline-block}.elementor-widget-image a img[src$=\".svg\"]{width:48px}.elementor-widget-image img{vertical-align:middle;display:inline-block}<\/style>\t\t\t\t\t\t\t\t\t\t<img decoding=\"async\" src=\"https:\/\/shapeupistanbul.com\/tr\/wp-content\/uploads\/2024\/06\/2.jpg\" title=\"\" alt=\"\" loading=\"lazy\" \/>\t\t\t\t\t\t\t\t\t\t\t\t\t<\/div>\n\t\t\t\t<\/div>\n\t\t\t\t\t<\/div>\n\t\t<\/div>\n\t\t\t\t\t<\/div>\n\t\t<\/section>\n\t\t\t\t<div class=\"elementor-section elementor-top-section elementor-element elementor-element-29d7e86f elementor-section-boxed elementor-section-height-default elementor-section-height-default\" data-id=\"29d7e86f\" data-element_type=\"section\" data-settings=\"{&quot;jet_parallax_layout_list&quot;:[]}\">\n\t\t\t\t\t\t<div class=\"elementor-container elementor-column-gap-default\">\n\t\t\t\t\t<div class=\"elementor-column elementor-col-100 elementor-top-column elementor-element elementor-element-2d6a7e33\" data-id=\"2d6a7e33\" data-element_type=\"column\">\n\t\t\t<div class=\"elementor-widget-wrap elementor-element-populated\">\n\t\t\t\t\t\t<div class=\"elementor-element elementor-element-71db3ecd srvYogaMenu servisFlexMenu jet-nav-align-flex-start elementor-widget elementor-widget-jet-nav-menu\" data-id=\"71db3ecd\" data-element_type=\"widget\" data-widget_type=\"jet-nav-menu.default\">\n\t\t\t\t<div class=\"elementor-widget-container\">\n\t\t\t<nav class=\"jet-nav-wrap m-layout-mobile\"><div class=\"menu-page-eventsmenu-container\"><div class=\"jet-nav m-layout-mobile jet-nav--horizontal\"><div class=\"menu-item menu-item-type-post_type menu-item-object-page jet-nav__item-8883 jet-nav__item\"><a href=\"https:\/\/shapeupistanbul.com\/tr\/fiyatlar\/events\/\" class=\"menu-item-link menu-item-link-depth-0 menu-item-link-top\"><span class=\"jet-nav-link-text\">EVENTS<\/span><\/a><\/div>\n<\/div><\/div><\/nav>\t\t<\/div>\n\t\t\t\t<\/div>\n\t\t\t\t\t<\/div>\n\t\t<\/div>\n\t\t\t\t\t<\/div>\n\t\t<\/div>\n\t\t\t\t<section class=\"elementor-section elementor-top-section elementor-element elementor-element-2c0e1c1a elementor-section-boxed elementor-section-height-default elementor-section-height-default\" data-id=\"2c0e1c1a\" data-element_type=\"section\" data-settings=\"{&quot;jet_parallax_layout_list&quot;:[]}\">\n\t\t\t\t\t\t<div class=\"elementor-container elementor-column-gap-default\">\n\t\t\t\t\t<div class=\"elementor-column elementor-col-100 elementor-top-column elementor-element elementor-element-28740f59\" data-id=\"28740f59\" data-element_type=\"column\">\n\t\t\t<div class=\"elementor-widget-wrap elementor-element-populated\">\n\t\t\t\t\t\t<div class=\"elementor-element elementor-element-d32fdae elementor-widget elementor-widget-text-editor\" data-id=\"d32fdae\" data-element_type=\"widget\" data-widget_type=\"text-editor.default\">\n\t\t\t\t<div class=\"elementor-widget-container\">\n\t\t\t\t\t\t\t<p>EVENTS<\/p>\t\t\t\t\t\t<\/div>\n\t\t\t\t<\/div>\n\t\t\t\t<div class=\"elementor-element elementor-element-722f24b2 elementor-widget elementor-widget-heading\" data-id=\"722f24b2\" data-element_type=\"widget\" data-widget_type=\"heading.default\">\n\t\t\t\t<div class=\"elementor-widget-container\">\n\t\t\t<h3 class=\"elementor-heading-title elementor-size-default\">5 Farkl\u0131 Ders Se\u00e7ene\u011fi ile<\/h3>\t\t<\/div>\n\t\t\t\t<\/div>\n\t\t\t\t\t<\/div>\n\t\t<\/div>\n\t\t\t\t\t<\/div>\n\t\t<\/section>\n\t\t<div class=\"elementor-element elementor-element-cfe5905 e-flex e-con-boxed e-con e-parent\" data-id=\"cfe5905\" data-element_type=\"container\" data-settings=\"{&quot;jet_parallax_layout_list&quot;:[]}\">\n\t\t\t\t\t<div class=\"e-con-inner\">\n\t\t\t\t<div class=\"elementor-element elementor-element-7c2c21b privateClasses elementor-widget elementor-widget-jet-carousel\" data-id=\"7c2c21b\" data-element_type=\"widget\" data-settings=\"{&quot;slides_to_show&quot;:&quot;3&quot;,&quot;slides_to_show_tablet&quot;:&quot;2&quot;,&quot;slides_to_show_mobile&quot;:&quot;1&quot;,&quot;slides_to_scroll_mobile&quot;:&quot;1&quot;,&quot;slides_to_scroll&quot;:&quot;1&quot;}\" data-widget_type=\"jet-carousel.default\">\n\t\t\t\t<div class=\"elementor-widget-container\">\n\t\t\t<div class=\"elementor-jet-carousel jet-elements\"><div class=\"jet-carousel-wrap jet-equal-cols\">\n\t<div class=\"jet-carousel\" data-slider_options=\"{&quot;autoplaySpeed&quot;:5000,&quot;autoplay&quot;:true,&quot;infinite&quot;:true,&quot;centerMode&quot;:false,&quot;centerPadding&quot;:&quot;50px&quot;,&quot;pauseOnHover&quot;:false,&quot;speed&quot;:500,&quot;arrows&quot;:true,&quot;dots&quot;:false,&quot;variableWidth&quot;:false,&quot;prevArrow&quot;:&quot;.jet-carousel__prev-arrow-7c2c21b&quot;,&quot;nextArrow&quot;:&quot;.jet-carousel__next-arrow-7c2c21b&quot;,&quot;rtl&quot;:false,&quot;fractionNav&quot;:false}\" dir=\"ltr\">\n\t<div class=\"elementor-slick-slider\">\n\n<div class=\"jet-carousel__item\">\n\t<div class=\"jet-carousel__item-inner\"><img decoding=\"async\" src=\"https:\/\/shapeupistanbul.com\/tr\/wp-content\/uploads\/2024\/05\/yoga.png\" class=\"jet-carousel__item-img\" alt=\"\" loading=\"lazy\"><div class=\"jet-carousel__content\"><h5 class=\"jet-carousel__item-title\">Yoga<\/h5><div class=\"jet-carousel__item-text\"><strong> &nbsp;<\/strong>\n\u00a0\nFarkl\u0131 atmosferlerde, zihin ve beden b\u00fct\u00fcnl\u00fc\u011f\u00fcn\u00fcn asanalarla bulu\u015ftu\u011fu Yoga etkinliklerimiz, ShapeUp kalitesi ve alan\u0131n\u0131n en iyi hocalar\u0131yla sizlerle bulu\u015fuyor. ShapeUp ile bir yoga etkinli\u011fi d\u00fczenlemek i\u00e7in bizimle ileti\u015fime ge\u00e7ebilir veya kat\u0131l\u0131m g\u00f6stermek i\u00e7in etkinlik takvimini takip edebilirsiniz.<\/div><\/div><\/div>\n<\/div>\n\n<div class=\"jet-carousel__item\">\n\t<div class=\"jet-carousel__item-inner\"><img decoding=\"async\" src=\"https:\/\/shapeupistanbul.com\/tr\/wp-content\/uploads\/2024\/05\/mobility-2.png\" class=\"jet-carousel__item-img\" alt=\"\" loading=\"lazy\"><div class=\"jet-carousel__content\"><h5 class=\"jet-carousel__item-title\">Mobility<\/h5><div class=\"jet-carousel__item-text\"><strong> &nbsp;<\/strong>\nEklem hareketlili\u011fini art\u0131rarak, hareket kapasitenizi geli\u015ftiren ve ShapeUp\u2019\u0131n en sevilen derslerinden biri olan Mobility, indoor ve outdoor se\u00e7enekleriyle etkinlik servislerimiz aras\u0131nda yerini al\u0131yor. ShapeUp ile bir mobility etkinli\u011fi d\u00fczenlemek i\u00e7in bizimle ileti\u015fime ge\u00e7ebilir veya kat\u0131l\u0131m g\u00f6stermek i\u00e7in etkinlik takvimini takip edebilirsiniz.\n<\/div><\/div><\/div>\n<\/div>\n\n<div class=\"jet-carousel__item\">\n\t<div class=\"jet-carousel__item-inner\"><img decoding=\"async\" src=\"https:\/\/shapeupistanbul.com\/tr\/wp-content\/uploads\/2024\/05\/micro-private.png\" class=\"jet-carousel__item-img\" alt=\"\" loading=\"lazy\"><div class=\"jet-carousel__content\"><h5 class=\"jet-carousel__item-title\">Group Fitness<\/h5><div class=\"jet-carousel__item-text\"><strong> &nbsp;<\/strong>\nMicro Circuit, HIIT, Functional ve \u00e7ok daha fazlas\u0131\u2026 Alan\u0131n\u0131n en iyi e\u011fitmenleri ve muhte\u015fem bir grup atmosferi ile fitness servislerimiz sizlerle bulu\u015fmaya devam ediyor. ShapeUp ile bir grup fitness etkinli\u011fi d\u00fczenlemek i\u00e7in bizimle ileti\u015fime ge\u00e7ebilir veya kat\u0131l\u0131m g\u00f6stermek i\u00e7in etkinlik takvimini takip edebilirsiniz.<\/div><\/div><\/div>\n<\/div>\n\n<div class=\"jet-carousel__item\">\n\t<div class=\"jet-carousel__item-inner\"><img decoding=\"async\" src=\"https:\/\/shapeupistanbul.com\/tr\/wp-content\/uploads\/2024\/06\/20.png\" class=\"jet-carousel__item-img\" alt=\"\" loading=\"lazy\"><div class=\"jet-carousel__content\"><h5 class=\"jet-carousel__item-title\">Micro<\/h5><div class=\"jet-carousel__item-text\"><strong> &nbsp;<\/strong>\nFitness\u2019\u0131n gelece\u011fi Micro ile 45 dakikada maksimum sonu\u00e7 alaca\u011f\u0131n\u0131z derslerimiz indoor ve outdoor event se\u00e7enekleri ile sporseverlerle bulu\u015fuyor. ShapeUp ile Micro etkinli\u011fi d\u00fczenlemek i\u00e7in bizimle ileti\u015fime ge\u00e7ebilir veya kat\u0131l\u0131m g\u00f6stermek i\u00e7in etkinlik takvimini takip edebilirsiniz.\n<\/div><\/div><\/div>\n<\/div>\n\n<div class=\"jet-carousel__item\">\n\t<div class=\"jet-carousel__item-inner\"><img decoding=\"async\" src=\"https:\/\/shapeupistanbul.com\/tr\/wp-content\/uploads\/2024\/05\/servis-running-1.png\" class=\"jet-carousel__item-img\" alt=\"\" loading=\"lazy\"><div class=\"jet-carousel__content\"><h5 class=\"jet-carousel__item-title\">Running<\/h5><div class=\"jet-carousel__item-text\"><strong> &nbsp;<\/strong>\nKo\u015fu her zaman tak\u0131m olarak \u00e7ok daha g\u00fczel ve motive edici! ShapeUp\u2019\u0131n ko\u015fu e\u011fitmenleri ile daha \u00f6nce deneyimlemedi\u011finiz bir cardio etkinli\u011fine haz\u0131r olun! ShapeUp ile Running etkinli\u011fi d\u00fczenlemek i\u00e7in bizimle ileti\u015fime ge\u00e7ebilir veya kat\u0131l\u0131m g\u00f6stermek i\u00e7in etkinlik takvimini takip edebilirsiniz.<\/div><\/div><\/div>\n<\/div>\n<\/div><div class=\"jet-carousel__prev-arrow-7c2c21b jet-arrow prev-arrow\"><svg xmlns=\"http:\/\/www.w3.org\/2000\/svg\" width=\"58\" height=\"58\" viewBox=\"0 0 58 58\" fill=\"none\"><circle cx=\"29\" cy=\"29\" r=\"28.75\" transform=\"rotate(-180 29 29)\" stroke=\"#657390\" stroke-width=\"0.5\"><\/circle><path d=\"M26 21L18 29L26 37\" stroke=\"#657390\" stroke-width=\"0.5\"><\/path><path d=\"M18 29L39 29\" stroke=\"#657390\" stroke-width=\"0.5\"><\/path><\/svg><\/div><div class=\"jet-carousel__next-arrow-7c2c21b jet-arrow next-arrow\"><svg xmlns=\"http:\/\/www.w3.org\/2000\/svg\" width=\"58\" height=\"58\" viewBox=\"0 0 58 58\" fill=\"none\"><circle cx=\"29\" cy=\"29\" r=\"28.75\" stroke=\"#657390\" stroke-width=\"0.5\"><\/circle><path d=\"M32 37L40 29L32 21\" stroke=\"#657390\" stroke-width=\"0.5\"><\/path><path d=\"M40 29L19 29\" stroke=\"#657390\" stroke-width=\"0.5\"><\/path><\/svg><\/div><\/div>\n<\/div>\n<\/div>\t\t<\/div>\n\t\t\t\t<\/div>\n\t\t\t\t\t<\/div>\n\t\t\t\t<\/div>\n\t\t\t\t<\/div>\n\t\t","protected":false},"excerpt":{"rendered":"<p>Events E\u015fsiz ShapeUp deneyimini st\u00fcdyolar\u0131m\u0131z\u0131n d\u0131\u015f\u0131nda da sa\u011fl\u0131kl\u0131 ya\u015fama ilgisi olan herkesle bulu\u015fturmaya devam ediyoruz. Pop\u00fcler servisimiz Micro haricinde, alan\u0131n\u0131n en iyi e\u011fitmenleriyle davet kitlesine ve ama\u00e7lar\u0131na g\u00f6re dizayn etti\u011fimiz Yoga, Mobility, Functional Training ve Running derslerimizle spor organizasyonlar\u0131 yaratmak i\u00e7in bizimle ileti\u015fime ge\u00e7ebilirsiniz. EVENTS EVENTS 5 Farkl\u0131 Ders Se\u00e7ene\u011fi ile Yoga &nbsp; \u00a0 Farkl\u0131 [&hellip;]<\/p>\n","protected":false},"author":1,"featured_media":0,"parent":1173,"menu_order":0,"comment_status":"closed","ping_status":"closed","template":"","meta":{"footnotes":""},"class_list":["post-78","page","type-page","status-publish","hentry"],"yoast_head":"<!-- This site is optimized with the Yoast SEO plugin v25.8 - https:\/\/yoast.com\/wordpress\/plugins\/seo\/ -->\n<title>Events - ShapeUp TR<\/title>\n<meta name=\"robots\" content=\"index, follow, max-snippet:-1, max-image-preview:large, max-video-preview:-1\" \/>\n<link rel=\"canonical\" href=\"https:\/\/shapeupistanbul.com\/tr\/shapeup-servisler\/events\/\" \/>\n<meta property=\"og:locale\" content=\"en_US\" \/>\n<meta property=\"og:type\" content=\"article\" \/>\n<meta property=\"og:title\" content=\"Events - ShapeUp TR\" \/>\n<meta property=\"og:description\" content=\"Events E\u015fsiz ShapeUp deneyimini st\u00fcdyolar\u0131m\u0131z\u0131n d\u0131\u015f\u0131nda da sa\u011fl\u0131kl\u0131 ya\u015fama ilgisi olan herkesle bulu\u015fturmaya devam ediyoruz. Pop\u00fcler servisimiz Micro haricinde, alan\u0131n\u0131n en iyi e\u011fitmenleriyle davet kitlesine ve ama\u00e7lar\u0131na g\u00f6re dizayn etti\u011fimiz Yoga, Mobility, Functional Training ve Running derslerimizle spor organizasyonlar\u0131 yaratmak i\u00e7in bizimle ileti\u015fime ge\u00e7ebilirsiniz. EVENTS EVENTS 5 Farkl\u0131 Ders Se\u00e7ene\u011fi ile Yoga &nbsp; \u00a0 Farkl\u0131 [&hellip;]\" \/>\n<meta property=\"og:url\" content=\"https:\/\/shapeupistanbul.com\/tr\/shapeup-servisler\/events\/\" \/>\n<meta property=\"og:site_name\" content=\"ShapeUp TR\" \/>\n<meta property=\"article:modified_time\" content=\"2024-07-11T12:51:19+00:00\" \/>\n<meta property=\"og:image\" content=\"https:\/\/shapeupistanbul.com\/tr\/wp-content\/uploads\/2024\/06\/2.jpg\" \/>\n<meta name=\"twitter:card\" content=\"summary_large_image\" \/>\n<meta name=\"twitter:label1\" content=\"Est. reading time\" \/>\n\t<meta name=\"twitter:data1\" content=\"6 minutes\" \/>\n<script type=\"application\/ld+json\" class=\"yoast-schema-graph\">{\"@context\":\"https:\/\/schema.org\",\"@graph\":[{\"@type\":\"WebPage\",\"@id\":\"https:\/\/shapeupistanbul.com\/tr\/shapeup-servisler\/events\/\",\"url\":\"https:\/\/shapeupistanbul.com\/tr\/shapeup-servisler\/events\/\",\"name\":\"Events - ShapeUp TR\",\"isPartOf\":{\"@id\":\"https:\/\/shapeupistanbul.com\/tr\/#website\"},\"primaryImageOfPage\":{\"@id\":\"https:\/\/shapeupistanbul.com\/tr\/shapeup-servisler\/events\/#primaryimage\"},\"image\":{\"@id\":\"https:\/\/shapeupistanbul.com\/tr\/shapeup-servisler\/events\/#primaryimage\"},\"thumbnailUrl\":\"https:\/\/shapeupistanbul.com\/tr\/wp-content\/uploads\/2024\/06\/2.jpg\",\"datePublished\":\"2022-10-13T09:52:09+00:00\",\"dateModified\":\"2024-07-11T12:51:19+00:00\",\"breadcrumb\":{\"@id\":\"https:\/\/shapeupistanbul.com\/tr\/shapeup-servisler\/events\/#breadcrumb\"},\"inLanguage\":\"en-US\",\"potentialAction\":[{\"@type\":\"ReadAction\",\"target\":[\"https:\/\/shapeupistanbul.com\/tr\/shapeup-servisler\/events\/\"]}]},{\"@type\":\"ImageObject\",\"inLanguage\":\"en-US\",\"@id\":\"https:\/\/shapeupistanbul.com\/tr\/shapeup-servisler\/events\/#primaryimage\",\"url\":\"https:\/\/shapeupistanbul.com\/tr\/wp-content\/uploads\/2024\/06\/2.jpg\",\"contentUrl\":\"https:\/\/shapeupistanbul.com\/tr\/wp-content\/uploads\/2024\/06\/2.jpg\"},{\"@type\":\"BreadcrumbList\",\"@id\":\"https:\/\/shapeupistanbul.com\/tr\/shapeup-servisler\/events\/#breadcrumb\",\"itemListElement\":[{\"@type\":\"ListItem\",\"position\":1,\"name\":\"Home\",\"item\":\"https:\/\/shapeupistanbul.com\/tr\/\"},{\"@type\":\"ListItem\",\"position\":2,\"name\":\"Servisler\",\"item\":\"https:\/\/shapeupistanbul.com\/tr\/shapeup-servisler\/\"},{\"@type\":\"ListItem\",\"position\":3,\"name\":\"Events\"}]},{\"@type\":\"WebSite\",\"@id\":\"https:\/\/shapeupistanbul.com\/tr\/#website\",\"url\":\"https:\/\/shapeupistanbul.com\/tr\/\",\"name\":\"ShapeUp TR\",\"description\":\"Shape Your Life Up\",\"potentialAction\":[{\"@type\":\"SearchAction\",\"target\":{\"@type\":\"EntryPoint\",\"urlTemplate\":\"https:\/\/shapeupistanbul.com\/tr\/?s={search_term_string}\"},\"query-input\":{\"@type\":\"PropertyValueSpecification\",\"valueRequired\":true,\"valueName\":\"search_term_string\"}}],\"inLanguage\":\"en-US\"}]}<\/script>\n<!-- \/ Yoast SEO plugin. -->","yoast_head_json":{"title":"Events - ShapeUp TR","robots":{"index":"index","follow":"follow","max-snippet":"max-snippet:-1","max-image-preview":"max-image-preview:large","max-video-preview":"max-video-preview:-1"},"canonical":"https:\/\/shapeupistanbul.com\/tr\/shapeup-servisler\/events\/","og_locale":"en_US","og_type":"article","og_title":"Events - ShapeUp TR","og_description":"Events E\u015fsiz ShapeUp deneyimini st\u00fcdyolar\u0131m\u0131z\u0131n d\u0131\u015f\u0131nda da sa\u011fl\u0131kl\u0131 ya\u015fama ilgisi olan herkesle bulu\u015fturmaya devam ediyoruz. Pop\u00fcler servisimiz Micro haricinde, alan\u0131n\u0131n en iyi e\u011fitmenleriyle davet kitlesine ve ama\u00e7lar\u0131na g\u00f6re dizayn etti\u011fimiz Yoga, Mobility, Functional Training ve Running derslerimizle spor organizasyonlar\u0131 yaratmak i\u00e7in bizimle ileti\u015fime ge\u00e7ebilirsiniz. EVENTS EVENTS 5 Farkl\u0131 Ders Se\u00e7ene\u011fi ile Yoga &nbsp; \u00a0 Farkl\u0131 [&hellip;]","og_url":"https:\/\/shapeupistanbul.com\/tr\/shapeup-servisler\/events\/","og_site_name":"ShapeUp TR","article_modified_time":"2024-07-11T12:51:19+00:00","og_image":[{"url":"https:\/\/shapeupistanbul.com\/tr\/wp-content\/uploads\/2024\/06\/2.jpg","type":"","width":"","height":""}],"twitter_card":"summary_large_image","twitter_misc":{"Est. reading time":"6 minutes"},"schema":{"@context":"https:\/\/schema.org","@graph":[{"@type":"WebPage","@id":"https:\/\/shapeupistanbul.com\/tr\/shapeup-servisler\/events\/","url":"https:\/\/shapeupistanbul.com\/tr\/shapeup-servisler\/events\/","name":"Events - ShapeUp TR","isPartOf":{"@id":"https:\/\/shapeupistanbul.com\/tr\/#website"},"primaryImageOfPage":{"@id":"https:\/\/shapeupistanbul.com\/tr\/shapeup-servisler\/events\/#primaryimage"},"image":{"@id":"https:\/\/shapeupistanbul.com\/tr\/shapeup-servisler\/events\/#primaryimage"},"thumbnailUrl":"https:\/\/shapeupistanbul.com\/tr\/wp-content\/uploads\/2024\/06\/2.jpg","datePublished":"2022-10-13T09:52:09+00:00","dateModified":"2024-07-11T12:51:19+00:00","breadcrumb":{"@id":"https:\/\/shapeupistanbul.com\/tr\/shapeup-servisler\/events\/#breadcrumb"},"inLanguage":"en-US","potentialAction":[{"@type":"ReadAction","target":["https:\/\/shapeupistanbul.com\/tr\/shapeup-servisler\/events\/"]}]},{"@type":"ImageObject","inLanguage":"en-US","@id":"https:\/\/shapeupistanbul.com\/tr\/shapeup-servisler\/events\/#primaryimage","url":"https:\/\/shapeupistanbul.com\/tr\/wp-content\/uploads\/2024\/06\/2.jpg","contentUrl":"https:\/\/shapeupistanbul.com\/tr\/wp-content\/uploads\/2024\/06\/2.jpg"},{"@type":"BreadcrumbList","@id":"https:\/\/shapeupistanbul.com\/tr\/shapeup-servisler\/events\/#breadcrumb","itemListElement":[{"@type":"ListItem","position":1,"name":"Home","item":"https:\/\/shapeupistanbul.com\/tr\/"},{"@type":"ListItem","position":2,"name":"Servisler","item":"https:\/\/shapeupistanbul.com\/tr\/shapeup-servisler\/"},{"@type":"ListItem","position":3,"name":"Events"}]},{"@type":"WebSite","@id":"https:\/\/shapeupistanbul.com\/tr\/#website","url":"https:\/\/shapeupistanbul.com\/tr\/","name":"ShapeUp TR","description":"Shape Your Life Up","potentialAction":[{"@type":"SearchAction","target":{"@type":"EntryPoint","urlTemplate":"https:\/\/shapeupistanbul.com\/tr\/?s={search_term_string}"},"query-input":{"@type":"PropertyValueSpecification","valueRequired":true,"valueName":"search_term_string"}}],"inLanguage":"en-US"}]}},"_links":{"self":[{"href":"https:\/\/shapeupistanbul.com\/tr\/wp-json\/wp\/v2\/pages\/78","targetHints":{"allow":["GET"]}}],"collection":[{"href":"https:\/\/shapeupistanbul.com\/tr\/wp-json\/wp\/v2\/pages"}],"about":[{"href":"https:\/\/shapeupistanbul.com\/tr\/wp-json\/wp\/v2\/types\/page"}],"author":[{"embeddable":true,"href":"https:\/\/shapeupistanbul.com\/tr\/wp-json\/wp\/v2\/users\/1"}],"replies":[{"embeddable":true,"href":"https:\/\/shapeupistanbul.com\/tr\/wp-json\/wp\/v2\/comments?post=78"}],"version-history":[{"count":3,"href":"https:\/\/shapeupistanbul.com\/tr\/wp-json\/wp\/v2\/pages\/78\/revisions"}],"predecessor-version":[{"id":9129,"href":"https:\/\/shapeupistanbul.com\/tr\/wp-json\/wp\/v2\/pages\/78\/revisions\/9129"}],"up":[{"embeddable":true,"href":"https:\/\/shapeupistanbul.com\/tr\/wp-json\/wp\/v2\/pages\/1173"}],"wp:attachment":[{"href":"https:\/\/shapeupistanbul.com\/tr\/wp-json\/wp\/v2\/media?parent=78"}],"curies":[{"name":"wp","href":"https:\/\/api.w.org\/{rel}","templated":true}]}}