{"id":6826,"date":"2022-11-18T19:24:55","date_gmt":"2022-11-18T19:24:55","guid":{"rendered":"https:\/\/shapeupistanbul.com\/tr\/?page_id=6826"},"modified":"2022-11-18T19:28:04","modified_gmt":"2022-11-18T19:28:04","slug":"kvkk","status":"publish","type":"page","link":"https:\/\/shapeupistanbul.com\/tr\/kvkk\/","title":{"rendered":"KVKK"},"content":{"rendered":"\t\t<div data-elementor-type=\"wp-page\" data-elementor-id=\"6826\" class=\"elementor elementor-6826\" data-elementor-post-type=\"page\">\n\t\t\t\t\t\t<section class=\"elementor-section elementor-top-section elementor-element elementor-element-1ca26b1 elementor-section-boxed elementor-section-height-default elementor-section-height-default\" data-id=\"1ca26b1\" data-element_type=\"section\" data-settings=\"{&quot;jet_parallax_layout_list&quot;:[]}\">\n\t\t\t\t\t\t<div class=\"elementor-container elementor-column-gap-default\">\n\t\t\t\t\t<div class=\"elementor-column elementor-col-100 elementor-top-column elementor-element elementor-element-73686ea\" data-id=\"73686ea\" data-element_type=\"column\">\n\t\t\t<div class=\"elementor-widget-wrap\">\n\t\t\t\t\t\t\t<\/div>\n\t\t<\/div>\n\t\t\t\t\t<\/div>\n\t\t<\/section>\n\t\t\t\t<section class=\"elementor-section elementor-top-section elementor-element elementor-element-73611976 elementor-section-boxed elementor-section-height-default elementor-section-height-default\" data-id=\"73611976\" data-element_type=\"section\" data-settings=\"{&quot;background_background&quot;:&quot;classic&quot;,&quot;jet_parallax_layout_list&quot;:[]}\">\n\t\t\t\t\t\t<div class=\"elementor-container elementor-column-gap-default\">\n\t\t\t\t\t<div class=\"elementor-column elementor-col-100 elementor-top-column elementor-element elementor-element-555d6f62\" data-id=\"555d6f62\" data-element_type=\"column\">\n\t\t\t<div class=\"elementor-widget-wrap elementor-element-populated\">\n\t\t\t\t\t\t<div class=\"elementor-element elementor-element-e7b97aa elementor-widget elementor-widget-heading\" data-id=\"e7b97aa\" data-element_type=\"widget\" data-widget_type=\"heading.default\">\n\t\t\t\t<div class=\"elementor-widget-container\">\n\t\t\t<style>\/*! elementor - v3.22.0 - 24-06-2024 *\/\n.elementor-heading-title{padding:0;margin:0;line-height:1}.elementor-widget-heading .elementor-heading-title[class*=elementor-size-]>a{color:inherit;font-size:inherit;line-height:inherit}.elementor-widget-heading .elementor-heading-title.elementor-size-small{font-size:15px}.elementor-widget-heading .elementor-heading-title.elementor-size-medium{font-size:19px}.elementor-widget-heading .elementor-heading-title.elementor-size-large{font-size:29px}.elementor-widget-heading .elementor-heading-title.elementor-size-xl{font-size:39px}.elementor-widget-heading .elementor-heading-title.elementor-size-xxl{font-size:59px}<\/style><h3 class=\"elementor-heading-title elementor-size-default\">KVKK<\/h3>\t\t<\/div>\n\t\t\t\t<\/div>\n\t\t\t\t<div class=\"elementor-element elementor-element-9221ff2 elementor-widget elementor-widget-text-editor\" data-id=\"9221ff2\" data-element_type=\"widget\" data-widget_type=\"text-editor.default\">\n\t\t\t\t<div class=\"elementor-widget-container\">\n\t\t\t<style>\/*! elementor - v3.22.0 - 24-06-2024 *\/\n.elementor-widget-text-editor.elementor-drop-cap-view-stacked .elementor-drop-cap{background-color:#69727d;color:#fff}.elementor-widget-text-editor.elementor-drop-cap-view-framed .elementor-drop-cap{color:#69727d;border:3px solid;background-color:transparent}.elementor-widget-text-editor:not(.elementor-drop-cap-view-default) .elementor-drop-cap{margin-top:8px}.elementor-widget-text-editor:not(.elementor-drop-cap-view-default) .elementor-drop-cap-letter{width:1em;height:1em}.elementor-widget-text-editor .elementor-drop-cap{float:left;text-align:center;line-height:1;font-size:50px}.elementor-widget-text-editor .elementor-drop-cap-letter{display:inline-block}<\/style>\t\t\t\t<p>Ki\u015fisel Verilerin Korunmas\u0131 ve \u0130\u015flenmesine \u0130li\u015fkin Ayd\u0131nlatma Metni<\/p>\t\t\t\t\t\t<\/div>\n\t\t\t\t<\/div>\n\t\t\t\t\t<\/div>\n\t\t<\/div>\n\t\t\t\t\t<\/div>\n\t\t<\/section>\n\t\t\t\t<section class=\"elementor-section elementor-top-section elementor-element elementor-element-066de30 elementor-section-boxed elementor-section-height-default elementor-section-height-default\" data-id=\"066de30\" data-element_type=\"section\" data-settings=\"{&quot;jet_parallax_layout_list&quot;:[]}\">\n\t\t\t\t\t\t<div class=\"elementor-container elementor-column-gap-default\">\n\t\t\t\t\t<div class=\"elementor-column elementor-col-100 elementor-top-column elementor-element elementor-element-54c05cc3\" data-id=\"54c05cc3\" data-element_type=\"column\">\n\t\t\t<div class=\"elementor-widget-wrap elementor-element-populated\">\n\t\t\t\t\t\t<div class=\"elementor-element elementor-element-37e3d780 elementor-widget elementor-widget-text-editor\" data-id=\"37e3d780\" data-element_type=\"widget\" data-widget_type=\"text-editor.default\">\n\t\t\t\t<div class=\"elementor-widget-container\">\n\t\t\t\t\t\t\t<p><strong>ShapeUp \u0130stanbul<\/strong><\/p><p>Ki\u015fisel Verilerin Korunmas\u0131 ve \u0130\u015flenmesine \u0130li\u015fkin Ayd\u0131nlatma Metni<\/p><p><strong>1. Veri Sorumlusu<\/strong><\/p><p>\u0130\u015fbu Ki\u015fisel Verilerin Korunmas\u0131 ve \u0130\u015flenmesine \u0130li\u015fkin Ayd\u0131nlatma Metni (\u201cAyd\u0131nlatma Metni\u201d) ile Metin Ero\u011flu \u2013 ShapeUp \u0130stanbul olarak, 6698 say\u0131l\u0131 Ki\u015fisel Verilerin Korunmas\u0131 Kanunu (\u201cKVKK\u201d) uyar\u0131nca, Veri Sorumlusu s\u0131fat\u0131yla, siz de\u011ferli m\u00fc\u015fterilerimizi KVKK kapsam\u0131ndaki ayd\u0131nlatma y\u00fck\u00fcml\u00fcl\u00fc\u011f\u00fcm\u00fcz \u00e7er\u00e7evesinde bilgilendirmek isteriz.<\/p><p>KVKK Kapsam\u0131nda ki\u015fisel veri kimli\u011fi belirli veya belirlenebilir ger\u00e7ek ki\u015fiye ili\u015fkin her t\u00fcrl\u00fc bilgiyi (\u201cKi\u015fisel Veri\u201d) ve bunun bir \u00f6zel t\u00fcr\u00fc olan \u00d6zel Nitelikli Ki\u015fisel Veri ise, \u0131rk, etnik k\u00f6ken, siyasi d\u00fc\u015f\u00fcnce, felsefi inan\u00e7, din, mezhep veya di\u011fer inan\u00e7lar, k\u0131l\u0131k ve k\u0131yafet, dernek, vak\u0131f ya da sendika \u00fcyeli\u011fi, sa\u011fl\u0131k, cinsel hayat, ceza mahk\u00fbmiyeti ve g\u00fcvenlik tedbirleriyle ilgili verileri ile biyometrik ve genetik verileri (\u201c\u00d6zel Nitelikli Ki\u015fisel Veri\u201d) ifade eder. Bu kapsamda Ki\u015fisel Veri tan\u0131m\u0131 \u00d6zel Nitelikli Ki\u015fisel Verilerinizi de kapsamaktad\u0131r.<\/p><p><strong>2. Ki\u015fisel Verilerin Toplanma Y\u00f6ntemi ve \u0130\u015flemenin Hukuki Sebepleri<\/strong><\/p><p>Ki\u015fisel Verileriniz, ShapeUp \u0130stanbul ile yapt\u0131\u011f\u0131n\u0131z i\u015flemlerle ba\u011flant\u0131l\u0131 olarak ve a\u015fa\u011f\u0131da B\u00f6l\u00fcm 4\u2019te belirtilen ama\u00e7 ve kapsamda, otomatik veya otomatik olmayan yollarla, s\u00f6zl\u00fc, yaz\u0131l\u0131 ve elektronik \u015fekilde ve a\u015fa\u011f\u0131daki y\u00f6ntemler vas\u0131tas\u0131yla toplanmaktad\u0131r.<\/p><ol><li>Spor salonu ziyaretleriniz esnas\u0131nda sat\u0131\u015f sorumlusu \u00e7al\u0131\u015fanlarla kurmu\u015f oldu\u011funuz ileti\u015fim esnas\u0131nda s\u00f6zl\u00fc olarak,<\/li><li>ShapeUp \u0130stanbul\u2019a ait internet sitesi \u00fczerinden bilgi almak amac\u0131yla doldurmu\u015f oldu\u011funuz elektronik form vas\u0131tas\u0131yla,<\/li><li>Spor salonu \u00fcyeli\u011finizin ba\u015flang\u0131c\u0131nda doldurulan yaz\u0131l\u0131 \u00fcyelik formu ve s\u00f6zle\u015fmesi vas\u0131tas\u0131yla,<\/li><li>\u00dcyeli\u011finiz esnas\u0131nda yapaca\u011f\u0131n\u0131z \u015fikayet ve \u00fcyelik dondurma i\u015flemleri amac\u0131yla ileti\u015fime ge\u00e7ti\u011finiz \u00e7al\u0131\u015fanlar\u0131m\u0131za yapm\u0131\u015f oldu\u011funuz s\u00f6zl\u00fc ve yaz\u0131l\u0131 bildirimler vas\u0131tas\u0131yla,<\/li><li>Bina ve spor salonu i\u00e7erisinde yer alan kameralar vas\u0131tas\u0131yla,<\/li><\/ol><p>Ki\u015fisel Verilerin i\u015flenmesine ili\u015fkin KVKK\u2019n\u0131n 5. ve 6. maddesinde belirtilen hukuki sebepler a\u015fa\u011f\u0131daki gibidir:<\/p><ol><li>A\u00e7\u0131k r\u0131zan\u0131z\u0131n bulunmas\u0131,<\/li><li>Kanunlarda a\u00e7\u0131k\u00e7a \u00f6ng\u00f6r\u00fclmesi,<\/li><li>Fiili imk\u00e2ns\u0131zl\u0131k nedeniyle r\u0131zas\u0131n\u0131 a\u00e7\u0131klayamayacak durumda bulunan veya r\u0131zas\u0131na hukuki ge\u00e7erlilik tan\u0131nmayan ki\u015finin kendisinin ya da bir ba\u015fkas\u0131n\u0131n hayat\u0131 veya beden b\u00fct\u00fcnl\u00fc\u011f\u00fcn\u00fcn korunmas\u0131 i\u00e7in zorunlu olmas\u0131,<\/li><li>Bir s\u00f6zle\u015fmenin kurulmas\u0131 veya ifas\u0131yla ilgili olarak ki\u015fisel veri i\u015flenmesi,<\/li><li>Hukuki y\u00fck\u00fcml\u00fcl\u00fcklerimizin yerine getirebilmesi i\u00e7in zorunlu olmas\u0131,<\/li><li>\u0130lgili ki\u015finin kendisi taraf\u0131ndan alenile\u015ftirilmi\u015f olmas\u0131,<\/li><li>Bir hakk\u0131n tesisi, kullan\u0131lmas\u0131 veya korunmas\u0131 i\u00e7in veri i\u015flemenin zorunlu olmas\u0131, ve<\/li><li>Sizlerin temel hak ve \u00f6zg\u00fcrl\u00fcklerine zarar vermemek kayd\u0131yla, me\u015fru menfaatlerimiz i\u00e7in zorunlu olmas\u0131.<\/li><\/ol><p>\u00a0<\/p><p><strong>3. Toplanan Ki\u015fisel Verileriniz<\/strong><\/p><p>Sizlerden toplad\u0131\u011f\u0131m\u0131z Ki\u015fisel Veriler a\u015fa\u011f\u0131da B\u00f6l\u00fcm 4\u2019te belirtti\u011fimiz i\u015fleme ama\u00e7lar\u0131yla orant\u0131l\u0131 olarak i\u015fledi\u011fimiz verilerinizdir.<\/p><p><strong>4. Ki\u015fisel Verilerin Hangi Ama\u00e7la \u0130\u015flenece\u011fi<\/strong><\/p><p>Ki\u015fisel Verileriniz a\u015fa\u011f\u0131daki ama\u00e7lar dahilinde a\u00e7\u0131k r\u0131zan\u0131za binaen veya KVKK kapsam\u0131nda hukuken izin verilen di\u011fer hallerde ShapeUp \u0130stanbul taraf\u0131ndan i\u015flenmektedir:<\/p><ol><li>M\u00fc\u015fteri \u00fcyelik i\u015flemlerinin ger\u00e7ekle\u015ftirilmesi (kimlik, ileti\u015fim, mesleki bilgi, sa\u011fl\u0131k bilgisi, ShapeUp \u0130stanbul\u2019u nas\u0131l ke\u015ffetti\u011finiz, \u00fcyelik tipi ve s\u00fcreci, \u00fcyelik ba\u015flang\u0131\u00e7 ve biti\u015f tarihi, dondurma s\u00fcresi, acil durumlarda haber verilecek ki\u015finin ad\u0131 soyad\u0131 ve telefon numaras\u0131, \u00f6deme \u015fekli, sat\u0131\u015f sorumlusu), (Hukuki sebep: s\u00f6zle\u015fmenin kurulmas\u0131 ve ifas\u0131, a\u00e7\u0131k r\u0131za)<\/li><li>Reklam\/kampanya\/promosyon ve pazarlama s\u00fcre\u00e7lerinin y\u00fcr\u00fct\u00fclmesi kapsam\u0131nda elektronik ticari iletilerin (kampanya, reklam, promosyon, hediye kodlar\u0131) SMS vas\u0131tas\u0131yla g\u00f6nderiminin sa\u011flanmas\u0131 (kimlik, ileti\u015fim, pazarlama bilgileri), (Hukuki sebep: a\u00e7\u0131k r\u0131za)<\/li><li>Fiziksel mekan g\u00fcvenli\u011finin temini kapsam\u0131nda bina ve st\u00fcdyo g\u00fcvenli\u011finin sa\u011flanmas\u0131 (fiziksel mek\u00e2n g\u00fcvenli\u011fi bilgisi), (Hukuki sebep: hukuki y\u00fck\u00fcml\u00fcl\u00fcklerimizin yerine getirebilmesi, bir hakk\u0131n tesisi, kullan\u0131lmas\u0131 ve korunmas\u0131 i\u00e7in veri i\u015flemenin zorunlu olmas\u0131)<\/li><li>\u00dcyelik sat\u0131\u015f s\u00fcre\u00e7lerinin y\u00fcr\u00fct\u00fclmesi kapsam\u0131nda sat\u0131n alm\u0131\u015f oldu\u011funuz \u00fcyeliklere ili\u015fkin fatura d\u00fczenlenmesi\u00a0\u00a0(kimlik, ileti\u015fim bilgisi), (Hukuki sebep: s\u00f6zle\u015fmenin kurulmas\u0131 ve ifas\u0131)<\/li><li>\u00a0M\u00fc\u015fteri memnuniyetine y\u00f6nelik aktivitelerin y\u00fcr\u00fct\u00fclmesi (kimlik, ileti\u015fim, pazarlama bilgisi), (Hukuki sebep: s\u00f6zle\u015fmenin ifas\u0131, me\u015fru menfaat)<\/li><li>Talep\/\u015fikayetlerinizin takibinin sa\u011flanmas\u0131 (kimlik, ileti\u015fim, m\u00fc\u015fteri i\u015flem bilgisi), (Hukuki sebep: s\u00f6zle\u015fmenin ifas\u0131, hukuk y\u00fck\u00fcml\u00fcl\u00fcklerimizin yerine getirilmesi, bir hakk\u0131n tesisi, kullan\u0131lmas\u0131 ve korunmas\u0131, ilgili ki\u015fi taraf\u0131ndan alenile\u015ftirilmi\u015f olmas\u0131)<\/li><li>M\u00fc\u015fteri ili\u015fkileri y\u00f6netimi s\u00fcre\u00e7lerinin y\u00fcr\u00fct\u00fclmesi kapsam\u0131nda pazarlama faaliyetleri \u00e7er\u00e7evesinde sat\u0131n al\u0131nan \u00fcyelikler \u00fczerinden m\u00fc\u015fteri segmentasyonu ve pazarlama analizlerinin yap\u0131lmas\u0131 (kimlik, ileti\u015fim, pazarlama bilgisi), (Hukuki sebep: a\u00e7\u0131k r\u0131za)<\/li><li>\u0130nternet sitesi, sosyal medya kanal\u0131 veya s\u00f6zl\u00fc olarak talebiniz \u00fczerine st\u00fcdyo ile ilgili taraf\u0131n\u0131za bilgi sa\u011flanmas\u0131 (kimlik, ileti\u015fim bilgisi), (Hukuki sebep: ilgili ki\u015fi taraf\u0131ndan alenile\u015ftirilmi\u015f olmas\u0131)<\/li><li>\u00a0Mobil uygulama \u00fczerinden salon i\u00e7erisindeki program, st\u00fcdyo derslerinin takibi ve derslere rezervasyon yap\u0131lmas\u0131n\u0131n sa\u011flanmas\u0131 (kimlik, ileti\u015fim, \u00fcyelik bilgileri), (Hukuki sebep: s\u00f6zle\u015fmenin ifas\u0131, me\u015fru menfaat)<\/li><li>Yasal y\u00fck\u00fcml\u00fcl\u00fcklerin ve idari yetkili kurumlar\u0131n taleplerinin yerine getirilmesi ba\u011flam\u0131nda yetkili ki\u015fi, kurum ve kurulu\u015flara bilgi verilmesi (kimlik bilgileri, ileti\u015fim bilgileri, fiziksel mek\u00e2n g\u00fcvenli\u011fi bilgisi, hukuk i\u015flem bilgisi), (Hukuki sebep: hukuki y\u00fck\u00fcml\u00fcl\u00fcklerimizin yerine getirilmesi)<\/li><\/ol><p><strong>5. Ki\u015fisel Verilerin Kimlere ve Hangi Ama\u00e7la Aktar\u0131labilece\u011fi<\/strong><\/p><p>ShapeUp \u0130stanbul , Ki\u015fisel Verilerinizi, a\u00e7\u0131k r\u0131zan\u0131za binaen veya hukuken izin verilen di\u011fer hallerde (Madde 4\u2019te belirtilen ama\u00e7lar ve hukuki sebepler \u00e7er\u00e7evesinde) yurt i\u00e7inde; hukuk, muhasebe, g\u00fcvenlik vb. benzeri alanlarda destek al\u0131nan ger\u00e7ek ve t\u00fczel ki\u015filere, ShapeUp \u0130stanbul b\u00fcnyesinde \u00e7al\u0131\u015fmakta olan e\u011fitmenlerimize, ShapeUp \u0130stanbul\u2019un faaliyetleri ile ilgili yukar\u0131da belirtilen ama\u00e7lar kapsam\u0131nda sair alanlarda destek veren \u00fc\u00e7\u00fcnc\u00fc ki\u015filere (SMS g\u00f6nderimi, CRM (M\u00fc\u015fteri \u0130li\u015fkileri Y\u00f6netimi) ve yaz\u0131l\u0131m deste\u011fi veren firma), hukuki uyu\u015fmazl\u0131klar\u0131n giderilmesi, mevzuattan kaynakl\u0131 y\u00fck\u00fcml\u00fcl\u00fcklerin yerine getirilmesi amac\u0131yla yetkili kurum ve kurulu\u015flara ve talep halinde adli makamlar veya ilgili kolluk kuvvetlerine aktarabilmektedir ve\/veya eri\u015fme a\u00e7abilmektedir.<\/p><p><strong>6. Ki\u015fisel Veri Sahibinin KVKK Madde 11 Kapsam\u0131ndaki Haklar\u0131<\/strong><\/p><p>Ki\u015fisel veri sahibi olarak diledi\u011finiz zaman KVKK\u2019n\u0131n 11. Maddesi uyar\u0131nca a\u015fa\u011f\u0131da belirtilen haklar\u0131n\u0131z\u0131 veri sorumlusu olan ShapeUp \u0130stanbul\u2019dan talep edebilirsiniz.<\/p><p>Bu kapsamda sahip oldu\u011funuz haklar a\u015fa\u011f\u0131daki \u015fekildedir:<\/p><ol><li>Ki\u015fisel verilerin i\u015flenip i\u015flenmedi\u011fini \u00f6\u011frenme,<\/li><li>Ki\u015fisel veriler i\u015flenmi\u015fse buna ili\u015fkin bilgi talep etme,<\/li><li>Ki\u015fisel verilerin i\u015flenme amac\u0131n\u0131 ve bunlar\u0131n amac\u0131na uygun kullan\u0131l\u0131p kullan\u0131lmad\u0131\u011f\u0131n\u0131 \u00f6\u011frenme,<\/li><li>Yurt i\u00e7inde veya yurt d\u0131\u015f\u0131nda ki\u015fisel verilerin aktar\u0131ld\u0131\u011f\u0131 \u00fc\u00e7\u00fcnc\u00fc ki\u015fileri bilme,<\/li><li>Ki\u015fisel verilerin eksik veya yanl\u0131\u015f i\u015flenmi\u015f olmas\u0131 h\u00e2linde bunlar\u0131n d\u00fczeltilmesini isteme ve bu \u00e7er\u00e7evede yap\u0131lan i\u015flemin ki\u015fisel verilerin aktar\u0131ld\u0131\u011f\u0131 \u00fc\u00e7\u00fcnc\u00fc ki\u015filere bildirilmesini talep etme,<\/li><li>KVKK\u2019ya ve ilgili di\u011fer kanun h\u00fck\u00fcmlerine uygun olarak i\u015flenmi\u015f olmas\u0131na ra\u011fmen, i\u015flenmesini gerektiren sebeplerin ortadan kalkmas\u0131 h\u00e2linde Ki\u015fisel Verilerin Silinmesi, Yok Edilmesi veya Anonim Hale Getirilmesi Hakk\u0131nda Y\u00f6netmelik H\u00fck\u00fcmleri uyar\u0131nca bu verilerin 30 (otuz) g\u00fcn i\u00e7erisinde silinmesini, yok edilmesini veya anonim hale getirilmesini ve bu kapsamda yap\u0131lan i\u015flemin ki\u015fisel verilerin aktar\u0131ld\u0131\u011f\u0131 \u00fc\u00e7\u00fcnc\u00fc ki\u015filere bildirilmesini isteme,<\/li><li>\u0130\u015flenen verilerin m\u00fcnhas\u0131ran otomatik sistemler vas\u0131tas\u0131yla analiz edilmesi suretiyle ki\u015finin kendisi aleyhine bir sonucun ortaya \u00e7\u0131kmas\u0131na itiraz etme,<\/li><li>Ki\u015fisel verilerin kanuna ayk\u0131r\u0131 olarak i\u015flenmesi sebebiyle zarara u\u011franmas\u0131 h\u00e2linde zarar\u0131n giderilmesini talep etme.<\/li><\/ol><p>Yukar\u0131da belirtilen talepler yaz\u0131l\u0131 olarak veya Ki\u015fisel Verileri Koruma Kurulu (\u2018\u2019<strong>Kurul\u2019\u2019<\/strong>) taraf\u0131ndan belirlenecek di\u011fer y\u00f6ntemlerle veri sorumlusu olarak ShapeUp \u0130stanbul\u2019a iletilecektir.<\/p><p>Bu kapsamda, yukar\u0131daki haklar\u0131n\u0131za ili\u015fkin talebinizi a\u015fa\u011f\u0131da verilen ve zaman zaman de\u011fi\u015febilecek olan e-posta adresimize, kay\u0131tl\u0131 elektronik posta (KEP) adresiniz vas\u0131tas\u0131yla, g\u00fcvenli elektronik imzal\u0131, mobil imzal\u0131 ya da taraf\u0131n\u0131zca\u00a0ShapeUp \u0130stanbul\u2019a\u00a0 daha \u00f6nce bildirilen ve ShapeUp \u0130stanbul\u2019un sisteminde kay\u0131tl\u0131 bulunan elektronik posta adresinizi kullanmak suretiyle (kimli\u011finizi tespit edici belgeleri ekleyerek) veya yine a\u015fa\u011f\u0131da yer alan ve zaman zaman de\u011fi\u015febilecek olan posta adresimize kimli\u011finizi tespit edici belgeler ile \u0131slak imzal\u0131 bir dilek\u00e7e ile elden teslim edebilir ya da noter arac\u0131l\u0131\u011f\u0131yla g\u00f6nderebilirsiniz.<\/p><p>Ki\u015fisel veri sahibi olarak sahip oldu\u011funuz ve yukar\u0131da belirtilen haklar\u0131n\u0131z\u0131 kullanmak i\u00e7in yapaca\u011f\u0131n\u0131z ve kullanmay\u0131 talep etti\u011finiz hakka ili\u015fkin a\u00e7\u0131klamalar\u0131 i\u00e7eren ba\u015fvuruda; talep etti\u011finiz hususun a\u00e7\u0131k ve anla\u015f\u0131l\u0131r olmas\u0131, talep etti\u011finiz konunun \u015fahs\u0131n\u0131z ile ilgili olmas\u0131 veya ba\u015fkas\u0131 ad\u0131na hareket ediyorsan\u0131z bu konuda \u00f6zel olarak yetkili olman\u0131z ve bu yetkinin belgelendirilmesi, ba\u015fvurunun kimlik ve adres bilgilerinizi i\u00e7ermesi gerekmektedir.<\/p><p>ShapeUp \u0130stanbul ba\u015fvuruda yer alan talepleri, talebin niteli\u011fine g\u00f6re en k\u0131sa s\u00fcrede ve en ge\u00e7 otuz g\u00fcn i\u00e7inde (bir maliyeti olmamas\u0131 halinde) \u00fccretsiz olarak sonu\u00e7land\u0131r\u0131r. Ancak, i\u015flemin ayr\u0131ca bir maliyeti gerektirmesi h\u00e2linde, Ki\u015fisel Verileri Koruma Kurulu taraf\u0131ndan belirlenecek olan tarifedeki \u00fccret al\u0131nabilir. Cevab\u0131n CD, flash bellek gibi kay\u0131t ortam\u0131nda verilmesinin istenmesi halinde, istenen kay\u0131t ortam\u0131n\u0131n maliyetine g\u00f6re \u00fccret talep edilecektir.<\/p>\t\t\t\t\t\t<\/div>\n\t\t\t\t<\/div>\n\t\t\t\t\t<\/div>\n\t\t<\/div>\n\t\t\t\t\t<\/div>\n\t\t<\/section>\n\t\t\t\t<\/div>\n\t\t","protected":false},"excerpt":{"rendered":"<p>KVKK Ki\u015fisel Verilerin Korunmas\u0131 ve \u0130\u015flenmesine \u0130li\u015fkin Ayd\u0131nlatma Metni ShapeUp \u0130stanbul Ki\u015fisel Verilerin Korunmas\u0131 ve \u0130\u015flenmesine \u0130li\u015fkin Ayd\u0131nlatma Metni 1. Veri Sorumlusu \u0130\u015fbu Ki\u015fisel Verilerin Korunmas\u0131 ve \u0130\u015flenmesine \u0130li\u015fkin Ayd\u0131nlatma Metni (\u201cAyd\u0131nlatma Metni\u201d) ile Metin Ero\u011flu \u2013 ShapeUp \u0130stanbul olarak, 6698 say\u0131l\u0131 Ki\u015fisel Verilerin Korunmas\u0131 Kanunu (\u201cKVKK\u201d) uyar\u0131nca, Veri Sorumlusu s\u0131fat\u0131yla, siz de\u011ferli m\u00fc\u015fterilerimizi KVKK [&hellip;]<\/p>\n","protected":false},"author":1,"featured_media":0,"parent":0,"menu_order":0,"comment_status":"closed","ping_status":"closed","template":"elementor_header_footer","meta":{"footnotes":""},"class_list":["post-6826","page","type-page","status-publish","hentry"],"yoast_head":"<!-- This site is optimized with the Yoast SEO plugin v25.8 - https:\/\/yoast.com\/wordpress\/plugins\/seo\/ -->\n<title>KVKK - ShapeUp TR<\/title>\n<meta name=\"robots\" content=\"index, follow, max-snippet:-1, max-image-preview:large, max-video-preview:-1\" \/>\n<link rel=\"canonical\" href=\"https:\/\/shapeupistanbul.com\/tr\/kvkk\/\" \/>\n<meta property=\"og:locale\" content=\"en_US\" \/>\n<meta property=\"og:type\" content=\"article\" \/>\n<meta property=\"og:title\" content=\"KVKK - ShapeUp TR\" \/>\n<meta property=\"og:description\" content=\"KVKK Ki\u015fisel Verilerin Korunmas\u0131 ve \u0130\u015flenmesine \u0130li\u015fkin Ayd\u0131nlatma Metni ShapeUp \u0130stanbul Ki\u015fisel Verilerin Korunmas\u0131 ve \u0130\u015flenmesine \u0130li\u015fkin Ayd\u0131nlatma Metni 1. Veri Sorumlusu \u0130\u015fbu Ki\u015fisel Verilerin Korunmas\u0131 ve \u0130\u015flenmesine \u0130li\u015fkin Ayd\u0131nlatma Metni (\u201cAyd\u0131nlatma Metni\u201d) ile Metin Ero\u011flu \u2013 ShapeUp \u0130stanbul olarak, 6698 say\u0131l\u0131 Ki\u015fisel Verilerin Korunmas\u0131 Kanunu (\u201cKVKK\u201d) uyar\u0131nca, Veri Sorumlusu s\u0131fat\u0131yla, siz de\u011ferli m\u00fc\u015fterilerimizi KVKK [&hellip;]\" \/>\n<meta property=\"og:url\" content=\"https:\/\/shapeupistanbul.com\/tr\/kvkk\/\" \/>\n<meta property=\"og:site_name\" content=\"ShapeUp TR\" \/>\n<meta property=\"article:modified_time\" content=\"2022-11-18T19:28:04+00:00\" \/>\n<meta name=\"twitter:card\" content=\"summary_large_image\" \/>\n<meta name=\"twitter:label1\" content=\"Est. reading time\" \/>\n\t<meta name=\"twitter:data1\" content=\"8 minutes\" \/>\n<script type=\"application\/ld+json\" class=\"yoast-schema-graph\">{\"@context\":\"https:\/\/schema.org\",\"@graph\":[{\"@type\":\"WebPage\",\"@id\":\"https:\/\/shapeupistanbul.com\/tr\/kvkk\/\",\"url\":\"https:\/\/shapeupistanbul.com\/tr\/kvkk\/\",\"name\":\"KVKK - ShapeUp TR\",\"isPartOf\":{\"@id\":\"https:\/\/shapeupistanbul.com\/tr\/#website\"},\"datePublished\":\"2022-11-18T19:24:55+00:00\",\"dateModified\":\"2022-11-18T19:28:04+00:00\",\"breadcrumb\":{\"@id\":\"https:\/\/shapeupistanbul.com\/tr\/kvkk\/#breadcrumb\"},\"inLanguage\":\"en-US\",\"potentialAction\":[{\"@type\":\"ReadAction\",\"target\":[\"https:\/\/shapeupistanbul.com\/tr\/kvkk\/\"]}]},{\"@type\":\"BreadcrumbList\",\"@id\":\"https:\/\/shapeupistanbul.com\/tr\/kvkk\/#breadcrumb\",\"itemListElement\":[{\"@type\":\"ListItem\",\"position\":1,\"name\":\"Home\",\"item\":\"https:\/\/shapeupistanbul.com\/tr\/\"},{\"@type\":\"ListItem\",\"position\":2,\"name\":\"KVKK\"}]},{\"@type\":\"WebSite\",\"@id\":\"https:\/\/shapeupistanbul.com\/tr\/#website\",\"url\":\"https:\/\/shapeupistanbul.com\/tr\/\",\"name\":\"ShapeUp TR\",\"description\":\"Shape Your Life Up\",\"potentialAction\":[{\"@type\":\"SearchAction\",\"target\":{\"@type\":\"EntryPoint\",\"urlTemplate\":\"https:\/\/shapeupistanbul.com\/tr\/?s={search_term_string}\"},\"query-input\":{\"@type\":\"PropertyValueSpecification\",\"valueRequired\":true,\"valueName\":\"search_term_string\"}}],\"inLanguage\":\"en-US\"}]}<\/script>\n<!-- \/ Yoast SEO plugin. -->","yoast_head_json":{"title":"KVKK - ShapeUp TR","robots":{"index":"index","follow":"follow","max-snippet":"max-snippet:-1","max-image-preview":"max-image-preview:large","max-video-preview":"max-video-preview:-1"},"canonical":"https:\/\/shapeupistanbul.com\/tr\/kvkk\/","og_locale":"en_US","og_type":"article","og_title":"KVKK - ShapeUp TR","og_description":"KVKK Ki\u015fisel Verilerin Korunmas\u0131 ve \u0130\u015flenmesine \u0130li\u015fkin Ayd\u0131nlatma Metni ShapeUp \u0130stanbul Ki\u015fisel Verilerin Korunmas\u0131 ve \u0130\u015flenmesine \u0130li\u015fkin Ayd\u0131nlatma Metni 1. Veri Sorumlusu \u0130\u015fbu Ki\u015fisel Verilerin Korunmas\u0131 ve \u0130\u015flenmesine \u0130li\u015fkin Ayd\u0131nlatma Metni (\u201cAyd\u0131nlatma Metni\u201d) ile Metin Ero\u011flu \u2013 ShapeUp \u0130stanbul olarak, 6698 say\u0131l\u0131 Ki\u015fisel Verilerin Korunmas\u0131 Kanunu (\u201cKVKK\u201d) uyar\u0131nca, Veri Sorumlusu s\u0131fat\u0131yla, siz de\u011ferli m\u00fc\u015fterilerimizi KVKK [&hellip;]","og_url":"https:\/\/shapeupistanbul.com\/tr\/kvkk\/","og_site_name":"ShapeUp TR","article_modified_time":"2022-11-18T19:28:04+00:00","twitter_card":"summary_large_image","twitter_misc":{"Est. reading time":"8 minutes"},"schema":{"@context":"https:\/\/schema.org","@graph":[{"@type":"WebPage","@id":"https:\/\/shapeupistanbul.com\/tr\/kvkk\/","url":"https:\/\/shapeupistanbul.com\/tr\/kvkk\/","name":"KVKK - ShapeUp TR","isPartOf":{"@id":"https:\/\/shapeupistanbul.com\/tr\/#website"},"datePublished":"2022-11-18T19:24:55+00:00","dateModified":"2022-11-18T19:28:04+00:00","breadcrumb":{"@id":"https:\/\/shapeupistanbul.com\/tr\/kvkk\/#breadcrumb"},"inLanguage":"en-US","potentialAction":[{"@type":"ReadAction","target":["https:\/\/shapeupistanbul.com\/tr\/kvkk\/"]}]},{"@type":"BreadcrumbList","@id":"https:\/\/shapeupistanbul.com\/tr\/kvkk\/#breadcrumb","itemListElement":[{"@type":"ListItem","position":1,"name":"Home","item":"https:\/\/shapeupistanbul.com\/tr\/"},{"@type":"ListItem","position":2,"name":"KVKK"}]},{"@type":"WebSite","@id":"https:\/\/shapeupistanbul.com\/tr\/#website","url":"https:\/\/shapeupistanbul.com\/tr\/","name":"ShapeUp TR","description":"Shape Your Life Up","potentialAction":[{"@type":"SearchAction","target":{"@type":"EntryPoint","urlTemplate":"https:\/\/shapeupistanbul.com\/tr\/?s={search_term_string}"},"query-input":{"@type":"PropertyValueSpecification","valueRequired":true,"valueName":"search_term_string"}}],"inLanguage":"en-US"}]}},"_links":{"self":[{"href":"https:\/\/shapeupistanbul.com\/tr\/wp-json\/wp\/v2\/pages\/6826","targetHints":{"allow":["GET"]}}],"collection":[{"href":"https:\/\/shapeupistanbul.com\/tr\/wp-json\/wp\/v2\/pages"}],"about":[{"href":"https:\/\/shapeupistanbul.com\/tr\/wp-json\/wp\/v2\/types\/page"}],"author":[{"embeddable":true,"href":"https:\/\/shapeupistanbul.com\/tr\/wp-json\/wp\/v2\/users\/1"}],"replies":[{"embeddable":true,"href":"https:\/\/shapeupistanbul.com\/tr\/wp-json\/wp\/v2\/comments?post=6826"}],"version-history":[{"count":3,"href":"https:\/\/shapeupistanbul.com\/tr\/wp-json\/wp\/v2\/pages\/6826\/revisions"}],"predecessor-version":[{"id":6834,"href":"https:\/\/shapeupistanbul.com\/tr\/wp-json\/wp\/v2\/pages\/6826\/revisions\/6834"}],"wp:attachment":[{"href":"https:\/\/shapeupistanbul.com\/tr\/wp-json\/wp\/v2\/media?parent=6826"}],"curies":[{"name":"wp","href":"https:\/\/api.w.org\/{rel}","templated":true}]}}