{"id":63,"date":"2022-10-13T09:48:43","date_gmt":"2022-10-13T09:48:43","guid":{"rendered":"https:\/\/shapeupistanbul.com\/tr\/?page_id=63"},"modified":"2024-06-25T10:26:00","modified_gmt":"2024-06-25T10:26:00","slug":"shapeup-lokasyonlar","status":"publish","type":"page","link":"https:\/\/shapeupistanbul.com\/tr\/shapeup-lokasyonlar\/","title":{"rendered":"Lokasyonlar"},"content":{"rendered":"\t\t<div data-elementor-type=\"wp-page\" data-elementor-id=\"63\" class=\"elementor elementor-63\" data-elementor-post-type=\"page\">\n\t\t\t\t\t\t<section class=\"elementor-section elementor-top-section elementor-element elementor-element-11906a78 elementor-section-boxed elementor-section-height-default elementor-section-height-default\" data-id=\"11906a78\" data-element_type=\"section\" data-settings=\"{&quot;background_background&quot;:&quot;classic&quot;,&quot;jet_parallax_layout_list&quot;:[]}\">\n\t\t\t\t\t\t<div class=\"elementor-container elementor-column-gap-default\">\n\t\t\t\t\t<div class=\"elementor-column elementor-col-100 elementor-top-column elementor-element elementor-element-2e609f35\" data-id=\"2e609f35\" data-element_type=\"column\">\n\t\t\t<div class=\"elementor-widget-wrap elementor-element-populated\">\n\t\t\t\t\t\t<div class=\"elementor-element elementor-element-4ccc40cf elementor-widget elementor-widget-heading\" data-id=\"4ccc40cf\" data-element_type=\"widget\" data-widget_type=\"heading.default\">\n\t\t\t\t<div class=\"elementor-widget-container\">\n\t\t\t<style>\/*! elementor - v3.22.0 - 24-06-2024 *\/\n.elementor-heading-title{padding:0;margin:0;line-height:1}.elementor-widget-heading .elementor-heading-title[class*=elementor-size-]>a{color:inherit;font-size:inherit;line-height:inherit}.elementor-widget-heading .elementor-heading-title.elementor-size-small{font-size:15px}.elementor-widget-heading .elementor-heading-title.elementor-size-medium{font-size:19px}.elementor-widget-heading .elementor-heading-title.elementor-size-large{font-size:29px}.elementor-widget-heading .elementor-heading-title.elementor-size-xl{font-size:39px}.elementor-widget-heading .elementor-heading-title.elementor-size-xxl{font-size:59px}<\/style><h3 class=\"elementor-heading-title elementor-size-default\">Lokasyonlar<\/h3>\t\t<\/div>\n\t\t\t\t<\/div>\n\t\t\t\t\t<\/div>\n\t\t<\/div>\n\t\t\t\t\t<\/div>\n\t\t<\/section>\n\t\t\t\t<section class=\"elementor-section elementor-top-section elementor-element elementor-element-6616458 elementor-section-boxed elementor-section-height-default elementor-section-height-default\" data-id=\"6616458\" data-element_type=\"section\" data-settings=\"{&quot;jet_parallax_layout_list&quot;:[],&quot;background_background&quot;:&quot;classic&quot;}\">\n\t\t\t\t\t\t<div class=\"elementor-container elementor-column-gap-no\">\n\t\t\t\t\t<div class=\"elementor-column elementor-col-50 elementor-top-column elementor-element elementor-element-4fcda5a\" data-id=\"4fcda5a\" data-element_type=\"column\">\n\t\t\t<div class=\"elementor-widget-wrap elementor-element-populated\">\n\t\t\t\t\t\t<div class=\"elementor-element elementor-element-be3e6a7 elementor-widget elementor-widget-heading\" data-id=\"be3e6a7\" data-element_type=\"widget\" data-widget_type=\"heading.default\">\n\t\t\t\t<div class=\"elementor-widget-container\">\n\t\t\t<h2 class=\"elementor-heading-title elementor-size-default\">Istanbul<\/h2>\t\t<\/div>\n\t\t\t\t<\/div>\n\t\t\t\t<div class=\"elementor-element elementor-element-b8764db elementor-widget elementor-widget-text-editor\" data-id=\"b8764db\" data-element_type=\"widget\" data-widget_type=\"text-editor.default\">\n\t\t\t\t<div class=\"elementor-widget-container\">\n\t\t\t<style>\/*! elementor - v3.22.0 - 24-06-2024 *\/\n.elementor-widget-text-editor.elementor-drop-cap-view-stacked .elementor-drop-cap{background-color:#69727d;color:#fff}.elementor-widget-text-editor.elementor-drop-cap-view-framed .elementor-drop-cap{color:#69727d;border:3px solid;background-color:transparent}.elementor-widget-text-editor:not(.elementor-drop-cap-view-default) .elementor-drop-cap{margin-top:8px}.elementor-widget-text-editor:not(.elementor-drop-cap-view-default) .elementor-drop-cap-letter{width:1em;height:1em}.elementor-widget-text-editor .elementor-drop-cap{float:left;text-align:center;line-height:1;font-size:50px}.elementor-widget-text-editor .elementor-drop-cap-letter{display:inline-block}<\/style>\t\t\t\t<p>\u0130stanbul, hem Avrupa hem Asya\u2019da bulunan, Bo\u011faz\u2019\u0131n iki yakay\u0131 birbirinden ay\u0131rd\u0131\u011f\u0131 bir mega \u015fehirdir. T\u00fcrkiye ve Avrupa\u2019daki en y\u00fcksek pop\u00fclasyona sahip \u0130stanbul\u2019un bir\u00e7ok yerinde farkl\u0131 k\u00fclt\u00fcrlerle zenginle\u015ftirilmi\u015f tarihi yerler bulabilir, kafan\u0131z\u0131 \u00e7evirdi\u011finiz her yerde muhte\u015fem manzaralar g\u00f6rebilirsiniz. Siz de program\u0131n\u0131za ShapeUp\u2019\u0131 da ekleyerek \u0130stanbul\u2019un tad\u0131n\u0131 daha fazla \u00e7\u0131kar\u0131n!<\/p>\t\t\t\t\t\t<\/div>\n\t\t\t\t<\/div>\n\t\t\t\t\t<\/div>\n\t\t<\/div>\n\t\t\t\t<div class=\"elementor-column elementor-col-50 elementor-top-column elementor-element elementor-element-a583270\" data-id=\"a583270\" data-element_type=\"column\">\n\t\t\t<div class=\"elementor-widget-wrap elementor-element-populated\">\n\t\t\t\t\t\t<div class=\"elementor-element elementor-element-25f792d locationList locationListIstanbul premium-gbadge-stripe premium-gbadge-row premium-gbadge-right premium-gbadge-top elementor-widget elementor-widget-jet-listing-grid\" data-id=\"25f792d\" data-element_type=\"widget\" data-settings=\"{&quot;columns&quot;:&quot;2&quot;,&quot;columns_tablet&quot;:&quot;1&quot;,&quot;columns_mobile&quot;:&quot;1&quot;}\" data-widget_type=\"jet-listing-grid.default\">\n\t\t\t\t<div class=\"elementor-widget-container\">\n\t\t\t<div class=\"jet-listing-grid jet-listing\"><div class=\"jet-listing-grid__slider\" data-slider_options=\"{&quot;autoplaySpeed&quot;:5000,&quot;autoplay&quot;:true,&quot;pauseOnHover&quot;:true,&quot;infinite&quot;:true,&quot;centerMode&quot;:false,&quot;speed&quot;:500,&quot;arrows&quot;:true,&quot;dots&quot;:false,&quot;slidesToScroll&quot;:1,&quot;prevArrow&quot;:&quot;&lt;div class='jet-listing-grid__slider-icon prev-arrow ' role='button' aria-label='Previous'&gt;&lt;svg width='180' height='180' viewBox='0 0 180 180' fill='none' xmlns='http:\\\/\\\/www.w3.org\\\/2000\\\/svg'&gt;&lt;path d='M119 47.3166C119 48.185 118.668 48.9532 118.003 49.6212L78.8385 89L118.003 128.379C118.668 129.047 119 129.815 119 130.683C119 131.552 118.668 132.32 118.003 132.988L113.021 137.998C112.356 138.666 111.592 139 110.729 139C109.865 139 109.101 138.666 108.436 137.998L61.9966 91.3046C61.3322 90.6366 61 89.8684 61 89C61 88.1316 61.3322 87.3634 61.9966 86.6954L108.436 40.002C109.101 39.334 109.865 39 110.729 39C111.592 39 112.356 39.334 113.021 40.002L118.003 45.012C118.668 45.68 119 46.4482 119 47.3166Z' fill='black'\\\/&gt;&lt;\\\/svg&gt;&lt;\\\/div&gt;&quot;,&quot;nextArrow&quot;:&quot;&lt;div class='jet-listing-grid__slider-icon next-arrow ' role='button' aria-label='Next'&gt;&lt;svg width='180' height='180' viewBox='0 0 180 180' fill='none' xmlns='http:\\\/\\\/www.w3.org\\\/2000\\\/svg'&gt;&lt;path d='M119 47.3166C119 48.185 118.668 48.9532 118.003 49.6212L78.8385 89L118.003 128.379C118.668 129.047 119 129.815 119 130.683C119 131.552 118.668 132.32 118.003 132.988L113.021 137.998C112.356 138.666 111.592 139 110.729 139C109.865 139 109.101 138.666 108.436 137.998L61.9966 91.3046C61.3322 90.6366 61 89.8684 61 89C61 88.1316 61.3322 87.3634 61.9966 86.6954L108.436 40.002C109.101 39.334 109.865 39 110.729 39C111.592 39 112.356 39.334 113.021 40.002L118.003 45.012C118.668 45.68 119 46.4482 119 47.3166Z' fill='black'\\\/&gt;&lt;\\\/svg&gt;&lt;\\\/div&gt;&quot;,&quot;rtl&quot;:false,&quot;itemsCount&quot;:1,&quot;fade&quot;:false,&quot;slidesToShow&quot;:{&quot;desktop&quot;:2,&quot;tablet&quot;:1,&quot;mobile&quot;:1}}\" dir=\"ltr\"><div class=\"jet-listing-grid__items grid-col-desk-2 grid-col-tablet-1 grid-col-mobile-1 jet-listing-grid--2572 jet-equal-columns__wrapper\" data-queried-id=\"63|WP_Post\" data-nav=\"{&quot;enabled&quot;:false,&quot;type&quot;:null,&quot;more_el&quot;:null,&quot;query&quot;:[],&quot;widget_settings&quot;:{&quot;lisitng_id&quot;:2572,&quot;posts_num&quot;:3,&quot;columns&quot;:2,&quot;columns_tablet&quot;:1,&quot;columns_mobile&quot;:1,&quot;is_archive_template&quot;:&quot;&quot;,&quot;post_status&quot;:[&quot;publish&quot;],&quot;use_random_posts_num&quot;:&quot;&quot;,&quot;max_posts_num&quot;:9,&quot;not_found_message&quot;:&quot;No data was found&quot;,&quot;is_masonry&quot;:false,&quot;equal_columns_height&quot;:&quot;yes&quot;,&quot;use_load_more&quot;:&quot;&quot;,&quot;load_more_id&quot;:&quot;&quot;,&quot;load_more_type&quot;:&quot;scroll&quot;,&quot;load_more_offset&quot;:{&quot;unit&quot;:&quot;px&quot;,&quot;size&quot;:0,&quot;sizes&quot;:[]},&quot;use_custom_post_types&quot;:&quot;&quot;,&quot;custom_post_types&quot;:[],&quot;hide_widget_if&quot;:&quot;&quot;,&quot;carousel_enabled&quot;:&quot;yes&quot;,&quot;slides_to_scroll&quot;:&quot;1&quot;,&quot;arrows&quot;:&quot;true&quot;,&quot;arrow_icon&quot;:&quot;fa fa-angle-left&quot;,&quot;dots&quot;:&quot;&quot;,&quot;autoplay&quot;:&quot;true&quot;,&quot;pause_on_hover&quot;:&quot;true&quot;,&quot;autoplay_speed&quot;:5000,&quot;infinite&quot;:&quot;true&quot;,&quot;center_mode&quot;:&quot;&quot;,&quot;effect&quot;:&quot;slide&quot;,&quot;speed&quot;:500,&quot;inject_alternative_items&quot;:&quot;&quot;,&quot;injection_items&quot;:[],&quot;scroll_slider_enabled&quot;:&quot;&quot;,&quot;scroll_slider_on&quot;:[&quot;desktop&quot;,&quot;tablet&quot;,&quot;mobile&quot;],&quot;custom_query&quot;:&quot;yes&quot;,&quot;custom_query_id&quot;:&quot;13&quot;,&quot;_element_id&quot;:&quot;&quot;}}\" data-page=\"1\" data-pages=\"1\" data-listing-source=\"query\" data-listing-id=\"2572\" data-query-id=\"13\"><div class=\"jet-listing-grid__item jet-listing-dynamic-post-2040 jet-equal-columns\" data-post-id=\"2040\" ><style type=\"text\/css\">.jet-listing-dynamic-post-2040 .elementor-element.elementor-element-0abfb09:not(.elementor-motion-effects-element-type-background) > .elementor-widget-wrap, .jet-listing-dynamic-post-2040 .elementor-element.elementor-element-0abfb09 > .elementor-widget-wrap > .elementor-motion-effects-container > .elementor-motion-effects-layer{background-image:url(\"https:\/\/shapeupistanbul.com\/tr\/wp-content\/uploads\/2024\/05\/clubhouse1-scaled.jpg\");}<\/style>\t\t<div data-elementor-type=\"jet-listing-items\" data-elementor-id=\"2572\" class=\"elementor elementor-2572\" data-elementor-post-type=\"jet-engine\">\n\t\t\t\t\t\t<section class=\"elementor-section elementor-top-section elementor-element elementor-element-bdc2b9b elementor-section-height-min-height elementor-section-boxed elementor-section-height-default elementor-section-items-middle\" data-id=\"bdc2b9b\" data-element_type=\"section\" data-settings=\"{&quot;jet_parallax_layout_list&quot;:[]}\">\n\t\t\t\t\t\t<div class=\"elementor-container elementor-column-gap-no\">\n\t\t\t\t\t<div class=\"make-column-clickable-elementor elementor-column elementor-col-100 elementor-top-column elementor-element elementor-element-0abfb09 locationImg\" style=\"cursor: pointer;\" data-column-clickable=\"https:\/\/shapeupistanbul.com\/tr\/location\/clubhouse\/\" data-column-clickable-blank=\"_self\" data-id=\"0abfb09\" data-element_type=\"column\" data-settings=\"{&quot;background_background&quot;:&quot;classic&quot;}\">\n\t\t\t<div class=\"elementor-widget-wrap elementor-element-populated\">\n\t\t\t\t\t<div class=\"elementor-background-overlay\"><\/div>\n\t\t\t\t\t\t<div class=\"elementor-element elementor-element-9d5b95a elementor-widget elementor-widget-heading\" data-id=\"9d5b95a\" data-element_type=\"widget\" data-widget_type=\"heading.default\">\n\t\t\t\t<div class=\"elementor-widget-container\">\n\t\t\t<h2 class=\"elementor-heading-title elementor-size-default\"><a href=\"https:\/\/shapeupistanbul.com\/tr\/location\/clubhouse\/\">Clubhouse<\/a><\/h2>\t\t<\/div>\n\t\t\t\t<\/div>\n\t\t\t\t\t<\/div>\n\t\t<\/div>\n\t\t\t\t\t<\/div>\n\t\t<\/section>\n\t\t\t\t<\/div>\n\t\t<\/div><\/div><\/div><\/div>\t\t<\/div>\n\t\t\t\t<\/div>\n\t\t\t\t\t<\/div>\n\t\t<\/div>\n\t\t\t\t\t<\/div>\n\t\t<\/section>\n\t\t\t\t<\/div>\n\t\t","protected":false},"excerpt":{"rendered":"<p>Lokasyonlar Istanbul \u0130stanbul, hem Avrupa hem Asya\u2019da bulunan, Bo\u011faz\u2019\u0131n iki yakay\u0131 birbirinden ay\u0131rd\u0131\u011f\u0131 bir mega \u015fehirdir. T\u00fcrkiye ve Avrupa\u2019daki en y\u00fcksek pop\u00fclasyona sahip \u0130stanbul\u2019un bir\u00e7ok yerinde farkl\u0131 k\u00fclt\u00fcrlerle zenginle\u015ftirilmi\u015f tarihi yerler bulabilir, kafan\u0131z\u0131 \u00e7evirdi\u011finiz her yerde muhte\u015fem manzaralar g\u00f6rebilirsiniz. Siz de program\u0131n\u0131za ShapeUp\u2019\u0131 da ekleyerek \u0130stanbul\u2019un tad\u0131n\u0131 daha fazla \u00e7\u0131kar\u0131n!<\/p>\n","protected":false},"author":1,"featured_media":0,"parent":0,"menu_order":0,"comment_status":"closed","ping_status":"closed","template":"","meta":{"footnotes":""},"class_list":["post-63","page","type-page","status-publish","hentry"],"yoast_head":"<!-- This site is optimized with the Yoast SEO plugin v25.8 - https:\/\/yoast.com\/wordpress\/plugins\/seo\/ -->\n<title>Lokasyonlar - ShapeUp TR<\/title>\n<meta name=\"robots\" content=\"index, follow, max-snippet:-1, max-image-preview:large, max-video-preview:-1\" \/>\n<link rel=\"canonical\" href=\"https:\/\/shapeupistanbul.com\/tr\/shapeup-lokasyonlar\/\" \/>\n<meta property=\"og:locale\" content=\"en_US\" \/>\n<meta property=\"og:type\" content=\"article\" \/>\n<meta property=\"og:title\" content=\"Lokasyonlar - ShapeUp TR\" \/>\n<meta property=\"og:description\" content=\"Lokasyonlar Istanbul \u0130stanbul, hem Avrupa hem Asya\u2019da bulunan, Bo\u011faz\u2019\u0131n iki yakay\u0131 birbirinden ay\u0131rd\u0131\u011f\u0131 bir mega \u015fehirdir. T\u00fcrkiye ve Avrupa\u2019daki en y\u00fcksek pop\u00fclasyona sahip \u0130stanbul\u2019un bir\u00e7ok yerinde farkl\u0131 k\u00fclt\u00fcrlerle zenginle\u015ftirilmi\u015f tarihi yerler bulabilir, kafan\u0131z\u0131 \u00e7evirdi\u011finiz her yerde muhte\u015fem manzaralar g\u00f6rebilirsiniz. Siz de program\u0131n\u0131za ShapeUp\u2019\u0131 da ekleyerek \u0130stanbul\u2019un tad\u0131n\u0131 daha fazla \u00e7\u0131kar\u0131n!\" \/>\n<meta property=\"og:url\" content=\"https:\/\/shapeupistanbul.com\/tr\/shapeup-lokasyonlar\/\" \/>\n<meta property=\"og:site_name\" content=\"ShapeUp TR\" \/>\n<meta property=\"article:modified_time\" content=\"2024-06-25T10:26:00+00:00\" \/>\n<meta name=\"twitter:card\" content=\"summary_large_image\" \/>\n<meta name=\"twitter:label1\" content=\"Est. reading time\" \/>\n\t<meta name=\"twitter:data1\" content=\"1 minute\" \/>\n<script type=\"application\/ld+json\" class=\"yoast-schema-graph\">{\"@context\":\"https:\/\/schema.org\",\"@graph\":[{\"@type\":\"WebPage\",\"@id\":\"https:\/\/shapeupistanbul.com\/tr\/shapeup-lokasyonlar\/\",\"url\":\"https:\/\/shapeupistanbul.com\/tr\/shapeup-lokasyonlar\/\",\"name\":\"Lokasyonlar - ShapeUp TR\",\"isPartOf\":{\"@id\":\"https:\/\/shapeupistanbul.com\/tr\/#website\"},\"datePublished\":\"2022-10-13T09:48:43+00:00\",\"dateModified\":\"2024-06-25T10:26:00+00:00\",\"breadcrumb\":{\"@id\":\"https:\/\/shapeupistanbul.com\/tr\/shapeup-lokasyonlar\/#breadcrumb\"},\"inLanguage\":\"en-US\",\"potentialAction\":[{\"@type\":\"ReadAction\",\"target\":[\"https:\/\/shapeupistanbul.com\/tr\/shapeup-lokasyonlar\/\"]}]},{\"@type\":\"BreadcrumbList\",\"@id\":\"https:\/\/shapeupistanbul.com\/tr\/shapeup-lokasyonlar\/#breadcrumb\",\"itemListElement\":[{\"@type\":\"ListItem\",\"position\":1,\"name\":\"Home\",\"item\":\"https:\/\/shapeupistanbul.com\/tr\/\"},{\"@type\":\"ListItem\",\"position\":2,\"name\":\"Lokasyonlar\"}]},{\"@type\":\"WebSite\",\"@id\":\"https:\/\/shapeupistanbul.com\/tr\/#website\",\"url\":\"https:\/\/shapeupistanbul.com\/tr\/\",\"name\":\"ShapeUp TR\",\"description\":\"Shape Your Life Up\",\"potentialAction\":[{\"@type\":\"SearchAction\",\"target\":{\"@type\":\"EntryPoint\",\"urlTemplate\":\"https:\/\/shapeupistanbul.com\/tr\/?s={search_term_string}\"},\"query-input\":{\"@type\":\"PropertyValueSpecification\",\"valueRequired\":true,\"valueName\":\"search_term_string\"}}],\"inLanguage\":\"en-US\"}]}<\/script>\n<!-- \/ Yoast SEO plugin. -->","yoast_head_json":{"title":"Lokasyonlar - ShapeUp TR","robots":{"index":"index","follow":"follow","max-snippet":"max-snippet:-1","max-image-preview":"max-image-preview:large","max-video-preview":"max-video-preview:-1"},"canonical":"https:\/\/shapeupistanbul.com\/tr\/shapeup-lokasyonlar\/","og_locale":"en_US","og_type":"article","og_title":"Lokasyonlar - ShapeUp TR","og_description":"Lokasyonlar Istanbul \u0130stanbul, hem Avrupa hem Asya\u2019da bulunan, Bo\u011faz\u2019\u0131n iki yakay\u0131 birbirinden ay\u0131rd\u0131\u011f\u0131 bir mega \u015fehirdir. T\u00fcrkiye ve Avrupa\u2019daki en y\u00fcksek pop\u00fclasyona sahip \u0130stanbul\u2019un bir\u00e7ok yerinde farkl\u0131 k\u00fclt\u00fcrlerle zenginle\u015ftirilmi\u015f tarihi yerler bulabilir, kafan\u0131z\u0131 \u00e7evirdi\u011finiz her yerde muhte\u015fem manzaralar g\u00f6rebilirsiniz. Siz de program\u0131n\u0131za ShapeUp\u2019\u0131 da ekleyerek \u0130stanbul\u2019un tad\u0131n\u0131 daha fazla \u00e7\u0131kar\u0131n!","og_url":"https:\/\/shapeupistanbul.com\/tr\/shapeup-lokasyonlar\/","og_site_name":"ShapeUp TR","article_modified_time":"2024-06-25T10:26:00+00:00","twitter_card":"summary_large_image","twitter_misc":{"Est. reading time":"1 minute"},"schema":{"@context":"https:\/\/schema.org","@graph":[{"@type":"WebPage","@id":"https:\/\/shapeupistanbul.com\/tr\/shapeup-lokasyonlar\/","url":"https:\/\/shapeupistanbul.com\/tr\/shapeup-lokasyonlar\/","name":"Lokasyonlar - ShapeUp TR","isPartOf":{"@id":"https:\/\/shapeupistanbul.com\/tr\/#website"},"datePublished":"2022-10-13T09:48:43+00:00","dateModified":"2024-06-25T10:26:00+00:00","breadcrumb":{"@id":"https:\/\/shapeupistanbul.com\/tr\/shapeup-lokasyonlar\/#breadcrumb"},"inLanguage":"en-US","potentialAction":[{"@type":"ReadAction","target":["https:\/\/shapeupistanbul.com\/tr\/shapeup-lokasyonlar\/"]}]},{"@type":"BreadcrumbList","@id":"https:\/\/shapeupistanbul.com\/tr\/shapeup-lokasyonlar\/#breadcrumb","itemListElement":[{"@type":"ListItem","position":1,"name":"Home","item":"https:\/\/shapeupistanbul.com\/tr\/"},{"@type":"ListItem","position":2,"name":"Lokasyonlar"}]},{"@type":"WebSite","@id":"https:\/\/shapeupistanbul.com\/tr\/#website","url":"https:\/\/shapeupistanbul.com\/tr\/","name":"ShapeUp TR","description":"Shape Your Life Up","potentialAction":[{"@type":"SearchAction","target":{"@type":"EntryPoint","urlTemplate":"https:\/\/shapeupistanbul.com\/tr\/?s={search_term_string}"},"query-input":{"@type":"PropertyValueSpecification","valueRequired":true,"valueName":"search_term_string"}}],"inLanguage":"en-US"}]}},"_links":{"self":[{"href":"https:\/\/shapeupistanbul.com\/tr\/wp-json\/wp\/v2\/pages\/63","targetHints":{"allow":["GET"]}}],"collection":[{"href":"https:\/\/shapeupistanbul.com\/tr\/wp-json\/wp\/v2\/pages"}],"about":[{"href":"https:\/\/shapeupistanbul.com\/tr\/wp-json\/wp\/v2\/types\/page"}],"author":[{"embeddable":true,"href":"https:\/\/shapeupistanbul.com\/tr\/wp-json\/wp\/v2\/users\/1"}],"replies":[{"embeddable":true,"href":"https:\/\/shapeupistanbul.com\/tr\/wp-json\/wp\/v2\/comments?post=63"}],"version-history":[{"count":3,"href":"https:\/\/shapeupistanbul.com\/tr\/wp-json\/wp\/v2\/pages\/63\/revisions"}],"predecessor-version":[{"id":9041,"href":"https:\/\/shapeupistanbul.com\/tr\/wp-json\/wp\/v2\/pages\/63\/revisions\/9041"}],"wp:attachment":[{"href":"https:\/\/shapeupistanbul.com\/tr\/wp-json\/wp\/v2\/media?parent=63"}],"curies":[{"name":"wp","href":"https:\/\/api.w.org\/{rel}","templated":true}]}}