{"id":55,"date":"2022-10-13T09:48:08","date_gmt":"2022-10-13T09:48:08","guid":{"rendered":"https:\/\/shapeupistanbul.com\/tr\/?page_id=55"},"modified":"2024-06-25T09:04:16","modified_gmt":"2024-06-25T09:04:16","slug":"vizyon-misyon","status":"publish","type":"page","link":"https:\/\/shapeupistanbul.com\/tr\/vizyon-misyon\/","title":{"rendered":"Vizyon &#038; Misyon"},"content":{"rendered":"\t\t<div data-elementor-type=\"wp-page\" data-elementor-id=\"55\" class=\"elementor elementor-55\" data-elementor-post-type=\"page\">\n\t\t\t\t\t\t<section class=\"elementor-section elementor-top-section elementor-element elementor-element-53244da elementor-section-boxed elementor-section-height-default elementor-section-height-default\" data-id=\"53244da\" data-element_type=\"section\" data-settings=\"{&quot;background_background&quot;:&quot;classic&quot;,&quot;jet_parallax_layout_list&quot;:[]}\">\n\t\t\t\t\t\t<div class=\"elementor-container elementor-column-gap-no\">\n\t\t\t\t\t<div class=\"elementor-column elementor-col-100 elementor-top-column elementor-element elementor-element-fed4408\" data-id=\"fed4408\" data-element_type=\"column\">\n\t\t\t<div class=\"elementor-widget-wrap elementor-element-populated\">\n\t\t\t\t\t\t<div class=\"elementor-element elementor-element-99e3ae6 elementor-widget elementor-widget-heading\" data-id=\"99e3ae6\" data-element_type=\"widget\" data-widget_type=\"heading.default\">\n\t\t\t\t<div class=\"elementor-widget-container\">\n\t\t\t<style>\/*! elementor - v3.22.0 - 24-06-2024 *\/\n.elementor-heading-title{padding:0;margin:0;line-height:1}.elementor-widget-heading .elementor-heading-title[class*=elementor-size-]>a{color:inherit;font-size:inherit;line-height:inherit}.elementor-widget-heading .elementor-heading-title.elementor-size-small{font-size:15px}.elementor-widget-heading .elementor-heading-title.elementor-size-medium{font-size:19px}.elementor-widget-heading .elementor-heading-title.elementor-size-large{font-size:29px}.elementor-widget-heading .elementor-heading-title.elementor-size-xl{font-size:39px}.elementor-widget-heading .elementor-heading-title.elementor-size-xxl{font-size:59px}<\/style><h3 class=\"elementor-heading-title elementor-size-default\">Shape Your Life Up<\/h3>\t\t<\/div>\n\t\t\t\t<\/div>\n\t\t\t\t<div class=\"elementor-element elementor-element-cb7c6d5 elementor-widget elementor-widget-text-editor\" data-id=\"cb7c6d5\" data-element_type=\"widget\" data-widget_type=\"text-editor.default\">\n\t\t\t\t<div class=\"elementor-widget-container\">\n\t\t\t<style>\/*! elementor - v3.22.0 - 24-06-2024 *\/\n.elementor-widget-text-editor.elementor-drop-cap-view-stacked .elementor-drop-cap{background-color:#69727d;color:#fff}.elementor-widget-text-editor.elementor-drop-cap-view-framed .elementor-drop-cap{color:#69727d;border:3px solid;background-color:transparent}.elementor-widget-text-editor:not(.elementor-drop-cap-view-default) .elementor-drop-cap{margin-top:8px}.elementor-widget-text-editor:not(.elementor-drop-cap-view-default) .elementor-drop-cap-letter{width:1em;height:1em}.elementor-widget-text-editor .elementor-drop-cap{float:left;text-align:center;line-height:1;font-size:50px}.elementor-widget-text-editor .elementor-drop-cap-letter{display:inline-block}<\/style>\t\t\t\t<p>EN SA\u011eLIKLI HAL\u0130N\u0130Z<\/p>\t\t\t\t\t\t<\/div>\n\t\t\t\t<\/div>\n\t\t\t\t\t<\/div>\n\t\t<\/div>\n\t\t\t\t\t<\/div>\n\t\t<\/section>\n\t\t\t\t<section class=\"elementor-section elementor-top-section elementor-element elementor-element-3bbc9ac elementor-section-height-min-height marqueeBG elementor-section-boxed elementor-section-height-default elementor-section-items-middle\" data-id=\"3bbc9ac\" data-element_type=\"section\" data-settings=\"{&quot;jet_parallax_layout_list&quot;:[],&quot;background_background&quot;:&quot;classic&quot;}\">\n\t\t\t\t\t\t<div class=\"elementor-container elementor-column-gap-no\">\n\t\t\t\t\t<div class=\"elementor-column elementor-col-50 elementor-top-column elementor-element elementor-element-24afc75 elementor-hidden-mobile\" data-id=\"24afc75\" data-element_type=\"column\">\n\t\t\t<div class=\"elementor-widget-wrap\">\n\t\t\t\t\t\t\t<\/div>\n\t\t<\/div>\n\t\t\t\t<div class=\"elementor-column elementor-col-50 elementor-top-column elementor-element elementor-element-5e63948\" data-id=\"5e63948\" data-element_type=\"column\" data-settings=\"{&quot;background_background&quot;:&quot;classic&quot;}\">\n\t\t\t<div class=\"elementor-widget-wrap elementor-element-populated\">\n\t\t\t\t\t\t<div class=\"elementor-element elementor-element-cf5b7d6 elementor-widget elementor-widget-heading\" data-id=\"cf5b7d6\" data-element_type=\"widget\" data-widget_type=\"heading.default\">\n\t\t\t\t<div class=\"elementor-widget-container\">\n\t\t\t<h2 class=\"elementor-heading-title elementor-size-medium\">Vizyon<\/h2>\t\t<\/div>\n\t\t\t\t<\/div>\n\t\t\t\t<div class=\"elementor-element elementor-element-81888a2 elementor-widget elementor-widget-text-editor\" data-id=\"81888a2\" data-element_type=\"widget\" data-widget_type=\"text-editor.default\">\n\t\t\t\t<div class=\"elementor-widget-container\">\n\t\t\t\t\t\t\tVizyonumuz; d\u00fcnya\u2019n\u0131n en etkili, sa\u011fl\u0131kl\u0131 ve g\u00fcvenli antrenman metodlar\u0131n\u0131, y\u00fcksek servis standartlar\u0131nda sunan l\u00fcks wellness markas\u0131 olmak. Bizim i\u00e7in sa\u011fl\u0131kl\u0131 kalmak, geli\u015fime a\u00e7\u0131k olmak ve bu ruhu t\u00fcm \u00fcyelere ta\u015f\u0131mak en b\u00fcy\u00fck hedeflerimiz aras\u0131nda.\n\n<br \/>\n<br \/>\n<br \/>\n<br \/>\t\t\t\t\t\t<\/div>\n\t\t\t\t<\/div>\n\t\t\t\t\t<\/div>\n\t\t<\/div>\n\t\t\t\t\t<\/div>\n\t\t<\/section>\n\t\t\t\t<section class=\"elementor-section elementor-top-section elementor-element elementor-element-d6bf1b2 elementor-section-height-min-height marqueeBG elementor-section-boxed elementor-section-height-default elementor-section-items-middle\" data-id=\"d6bf1b2\" data-element_type=\"section\" data-settings=\"{&quot;jet_parallax_layout_list&quot;:[],&quot;background_background&quot;:&quot;classic&quot;}\">\n\t\t\t\t\t\t<div class=\"elementor-container elementor-column-gap-no\">\n\t\t\t\t\t<div class=\"elementor-column elementor-col-50 elementor-top-column elementor-element elementor-element-1685fa0\" data-id=\"1685fa0\" data-element_type=\"column\" data-settings=\"{&quot;background_background&quot;:&quot;classic&quot;}\">\n\t\t\t<div class=\"elementor-widget-wrap elementor-element-populated\">\n\t\t\t\t\t\t<div class=\"elementor-element elementor-element-f9a4687 elementor-widget elementor-widget-heading\" data-id=\"f9a4687\" data-element_type=\"widget\" data-widget_type=\"heading.default\">\n\t\t\t\t<div class=\"elementor-widget-container\">\n\t\t\t<h2 class=\"elementor-heading-title elementor-size-medium\">Misyon<\/h2>\t\t<\/div>\n\t\t\t\t<\/div>\n\t\t\t\t<div class=\"elementor-element elementor-element-32abe5b elementor-widget elementor-widget-text-editor\" data-id=\"32abe5b\" data-element_type=\"widget\" data-widget_type=\"text-editor.default\">\n\t\t\t\t<div class=\"elementor-widget-container\">\n\t\t\t\t\t\t\t<p>Hayat her g\u00fcn daha da stresli bir hal al\u0131rken, aktif kalmak ve pozitif d\u00fc\u015f\u00fcnmek her zamankinden daha \u00f6nemli bir ihtiya\u00e7 haline geliyor. Bu do\u011frultuda en b\u00fcy\u00fck misyonumuz, sa\u011fl\u0131kl\u0131 ve pozitif bir ya\u015fam tarz\u0131 anlay\u0131\u015f\u0131n\u0131 herkese kazand\u0131rarak aktif kalman\u0131n mevsimsel olmad\u0131\u011f\u0131n\u0131 ve her v\u00fccut \u015feklinin kendine \u00f6zg\u00fc bir g\u00fczelli\u011fi oldu\u011funu g\u00f6stermektir. V\u00fccut zihinde \u015fekillenir ve zihin v\u00fccudu oldu\u011fu gibi kabul etti\u011finde, hayat \u00e7ok daha mutlu bir hal al\u0131r!<\/p>\t\t\t\t\t\t<\/div>\n\t\t\t\t<\/div>\n\t\t\t\t\t<\/div>\n\t\t<\/div>\n\t\t\t\t<div class=\"elementor-column elementor-col-50 elementor-top-column elementor-element elementor-element-4c592d0\" data-id=\"4c592d0\" data-element_type=\"column\">\n\t\t\t<div class=\"elementor-widget-wrap\">\n\t\t\t\t\t\t\t<\/div>\n\t\t<\/div>\n\t\t\t\t\t<\/div>\n\t\t<\/section>\n\t\t\t\t<\/div>\n\t\t","protected":false},"excerpt":{"rendered":"<p>Shape Your Life Up EN SA\u011eLIKLI HAL\u0130N\u0130Z Vizyon Vizyonumuz; d\u00fcnya\u2019n\u0131n en etkili, sa\u011fl\u0131kl\u0131 ve g\u00fcvenli antrenman metodlar\u0131n\u0131, y\u00fcksek servis standartlar\u0131nda sunan l\u00fcks wellness markas\u0131 olmak. Bizim i\u00e7in sa\u011fl\u0131kl\u0131 kalmak, geli\u015fime a\u00e7\u0131k olmak ve bu ruhu t\u00fcm \u00fcyelere ta\u015f\u0131mak en b\u00fcy\u00fck hedeflerimiz aras\u0131nda. Misyon Hayat her g\u00fcn daha da stresli bir hal al\u0131rken, aktif kalmak ve [&hellip;]<\/p>\n","protected":false},"author":1,"featured_media":0,"parent":0,"menu_order":0,"comment_status":"closed","ping_status":"closed","template":"","meta":{"footnotes":""},"class_list":["post-55","page","type-page","status-publish","hentry"],"yoast_head":"<!-- This site is optimized with the Yoast SEO plugin v25.8 - https:\/\/yoast.com\/wordpress\/plugins\/seo\/ -->\n<title>Vizyon &amp; Misyon - ShapeUp TR<\/title>\n<meta name=\"robots\" content=\"index, follow, max-snippet:-1, max-image-preview:large, max-video-preview:-1\" \/>\n<link rel=\"canonical\" href=\"https:\/\/shapeupistanbul.com\/tr\/vizyon-misyon\/\" \/>\n<meta property=\"og:locale\" content=\"en_US\" \/>\n<meta property=\"og:type\" content=\"article\" \/>\n<meta property=\"og:title\" content=\"Vizyon &amp; Misyon - ShapeUp TR\" \/>\n<meta property=\"og:description\" content=\"Shape Your Life Up EN SA\u011eLIKLI HAL\u0130N\u0130Z Vizyon Vizyonumuz; d\u00fcnya\u2019n\u0131n en etkili, sa\u011fl\u0131kl\u0131 ve g\u00fcvenli antrenman metodlar\u0131n\u0131, y\u00fcksek servis standartlar\u0131nda sunan l\u00fcks wellness markas\u0131 olmak. Bizim i\u00e7in sa\u011fl\u0131kl\u0131 kalmak, geli\u015fime a\u00e7\u0131k olmak ve bu ruhu t\u00fcm \u00fcyelere ta\u015f\u0131mak en b\u00fcy\u00fck hedeflerimiz aras\u0131nda. Misyon Hayat her g\u00fcn daha da stresli bir hal al\u0131rken, aktif kalmak ve [&hellip;]\" \/>\n<meta property=\"og:url\" content=\"https:\/\/shapeupistanbul.com\/tr\/vizyon-misyon\/\" \/>\n<meta property=\"og:site_name\" content=\"ShapeUp TR\" \/>\n<meta property=\"article:modified_time\" content=\"2024-06-25T09:04:16+00:00\" \/>\n<meta name=\"twitter:card\" content=\"summary_large_image\" \/>\n<meta name=\"twitter:label1\" content=\"Est. reading time\" \/>\n\t<meta name=\"twitter:data1\" content=\"1 minute\" \/>\n<script type=\"application\/ld+json\" class=\"yoast-schema-graph\">{\"@context\":\"https:\/\/schema.org\",\"@graph\":[{\"@type\":\"WebPage\",\"@id\":\"https:\/\/shapeupistanbul.com\/tr\/vizyon-misyon\/\",\"url\":\"https:\/\/shapeupistanbul.com\/tr\/vizyon-misyon\/\",\"name\":\"Vizyon & Misyon - ShapeUp TR\",\"isPartOf\":{\"@id\":\"https:\/\/shapeupistanbul.com\/tr\/#website\"},\"datePublished\":\"2022-10-13T09:48:08+00:00\",\"dateModified\":\"2024-06-25T09:04:16+00:00\",\"breadcrumb\":{\"@id\":\"https:\/\/shapeupistanbul.com\/tr\/vizyon-misyon\/#breadcrumb\"},\"inLanguage\":\"en-US\",\"potentialAction\":[{\"@type\":\"ReadAction\",\"target\":[\"https:\/\/shapeupistanbul.com\/tr\/vizyon-misyon\/\"]}]},{\"@type\":\"BreadcrumbList\",\"@id\":\"https:\/\/shapeupistanbul.com\/tr\/vizyon-misyon\/#breadcrumb\",\"itemListElement\":[{\"@type\":\"ListItem\",\"position\":1,\"name\":\"Home\",\"item\":\"https:\/\/shapeupistanbul.com\/tr\/\"},{\"@type\":\"ListItem\",\"position\":2,\"name\":\"Vizyon &#038; Misyon\"}]},{\"@type\":\"WebSite\",\"@id\":\"https:\/\/shapeupistanbul.com\/tr\/#website\",\"url\":\"https:\/\/shapeupistanbul.com\/tr\/\",\"name\":\"ShapeUp TR\",\"description\":\"Shape Your Life Up\",\"potentialAction\":[{\"@type\":\"SearchAction\",\"target\":{\"@type\":\"EntryPoint\",\"urlTemplate\":\"https:\/\/shapeupistanbul.com\/tr\/?s={search_term_string}\"},\"query-input\":{\"@type\":\"PropertyValueSpecification\",\"valueRequired\":true,\"valueName\":\"search_term_string\"}}],\"inLanguage\":\"en-US\"}]}<\/script>\n<!-- \/ Yoast SEO plugin. -->","yoast_head_json":{"title":"Vizyon & Misyon - ShapeUp TR","robots":{"index":"index","follow":"follow","max-snippet":"max-snippet:-1","max-image-preview":"max-image-preview:large","max-video-preview":"max-video-preview:-1"},"canonical":"https:\/\/shapeupistanbul.com\/tr\/vizyon-misyon\/","og_locale":"en_US","og_type":"article","og_title":"Vizyon & Misyon - ShapeUp TR","og_description":"Shape Your Life Up EN SA\u011eLIKLI HAL\u0130N\u0130Z Vizyon Vizyonumuz; d\u00fcnya\u2019n\u0131n en etkili, sa\u011fl\u0131kl\u0131 ve g\u00fcvenli antrenman metodlar\u0131n\u0131, y\u00fcksek servis standartlar\u0131nda sunan l\u00fcks wellness markas\u0131 olmak. Bizim i\u00e7in sa\u011fl\u0131kl\u0131 kalmak, geli\u015fime a\u00e7\u0131k olmak ve bu ruhu t\u00fcm \u00fcyelere ta\u015f\u0131mak en b\u00fcy\u00fck hedeflerimiz aras\u0131nda. Misyon Hayat her g\u00fcn daha da stresli bir hal al\u0131rken, aktif kalmak ve [&hellip;]","og_url":"https:\/\/shapeupistanbul.com\/tr\/vizyon-misyon\/","og_site_name":"ShapeUp TR","article_modified_time":"2024-06-25T09:04:16+00:00","twitter_card":"summary_large_image","twitter_misc":{"Est. reading time":"1 minute"},"schema":{"@context":"https:\/\/schema.org","@graph":[{"@type":"WebPage","@id":"https:\/\/shapeupistanbul.com\/tr\/vizyon-misyon\/","url":"https:\/\/shapeupistanbul.com\/tr\/vizyon-misyon\/","name":"Vizyon & Misyon - ShapeUp TR","isPartOf":{"@id":"https:\/\/shapeupistanbul.com\/tr\/#website"},"datePublished":"2022-10-13T09:48:08+00:00","dateModified":"2024-06-25T09:04:16+00:00","breadcrumb":{"@id":"https:\/\/shapeupistanbul.com\/tr\/vizyon-misyon\/#breadcrumb"},"inLanguage":"en-US","potentialAction":[{"@type":"ReadAction","target":["https:\/\/shapeupistanbul.com\/tr\/vizyon-misyon\/"]}]},{"@type":"BreadcrumbList","@id":"https:\/\/shapeupistanbul.com\/tr\/vizyon-misyon\/#breadcrumb","itemListElement":[{"@type":"ListItem","position":1,"name":"Home","item":"https:\/\/shapeupistanbul.com\/tr\/"},{"@type":"ListItem","position":2,"name":"Vizyon &#038; Misyon"}]},{"@type":"WebSite","@id":"https:\/\/shapeupistanbul.com\/tr\/#website","url":"https:\/\/shapeupistanbul.com\/tr\/","name":"ShapeUp TR","description":"Shape Your Life Up","potentialAction":[{"@type":"SearchAction","target":{"@type":"EntryPoint","urlTemplate":"https:\/\/shapeupistanbul.com\/tr\/?s={search_term_string}"},"query-input":{"@type":"PropertyValueSpecification","valueRequired":true,"valueName":"search_term_string"}}],"inLanguage":"en-US"}]}},"_links":{"self":[{"href":"https:\/\/shapeupistanbul.com\/tr\/wp-json\/wp\/v2\/pages\/55","targetHints":{"allow":["GET"]}}],"collection":[{"href":"https:\/\/shapeupistanbul.com\/tr\/wp-json\/wp\/v2\/pages"}],"about":[{"href":"https:\/\/shapeupistanbul.com\/tr\/wp-json\/wp\/v2\/types\/page"}],"author":[{"embeddable":true,"href":"https:\/\/shapeupistanbul.com\/tr\/wp-json\/wp\/v2\/users\/1"}],"replies":[{"embeddable":true,"href":"https:\/\/shapeupistanbul.com\/tr\/wp-json\/wp\/v2\/comments?post=55"}],"version-history":[{"count":3,"href":"https:\/\/shapeupistanbul.com\/tr\/wp-json\/wp\/v2\/pages\/55\/revisions"}],"predecessor-version":[{"id":8859,"href":"https:\/\/shapeupistanbul.com\/tr\/wp-json\/wp\/v2\/pages\/55\/revisions\/8859"}],"wp:attachment":[{"href":"https:\/\/shapeupistanbul.com\/tr\/wp-json\/wp\/v2\/media?parent=55"}],"curies":[{"name":"wp","href":"https:\/\/api.w.org\/{rel}","templated":true}]}}